{"id":27469,"date":"2025-05-18T20:00:53","date_gmt":"2025-05-18T19:00:53","guid":{"rendered":"https:\/\/www.vegadeyuco.com\/producto\/riscos-de-famara-rouge\/"},"modified":"2026-01-09T14:01:56","modified_gmt":"2026-01-09T14:01:56","slug":"riscos-de-famara-rouge","status":"publish","type":"product","link":"https:\/\/www.vegadeyuco.com\/fr\/producto\/riscos-de-famara-rouge\/","title":{"rendered":"Riscos de Famara Rouge"},"content":{"rendered":"<div class=\"woocommerce-product-details__short-description\">\n<p>Le Famara rouge est l&rsquo;expression la plus classique de notre c\u00e9page List\u00e1n Negro. Il m\u00fbrit en cave pendant le temps n\u00e9cessaire pour obtenir un vin agr\u00e9able et authentique. \u00c9labor\u00e9 de mani\u00e8re traditionnelle, en mac\u00e9rant les raisins avec leur peau pendant 6 \u00e0 7 jours, nous obtenons ainsi une robe intense et un vin classique de Lanzarote. <\/p>\n<p><span style=\"color: #0252a2;\">Couleur<\/span><br \/>\nIl s&rsquo;agit d&rsquo;un vin \u00e0 la robe moyennement intense, avec des nuances rouge grenat.<\/p>\n<p><span style=\"color: #0252a2;\">Nez<\/span><br \/>\nAr\u00f4mes m\u00fbrs, fruits confits, l\u00e9g\u00e8res notes torr\u00e9fi\u00e9es, pr\u00e9dominance du caract\u00e8re vari\u00e9tal du list\u00e1n noir.<\/p>\n<p><span style=\"color: #0252a2;\">Bouche<\/span><br \/>\nEn bouche, il est dense, charnu et pr\u00e9sente d&rsquo;agr\u00e9ables nuances de maturit\u00e9.<\/p>\n<p>Le Famara rouge se marie parfaitement avec les plats de p\u00e2tes accompagn\u00e9es de sauces traditionnelles, les viandes blanches et les fromages affin\u00e9s.<\/p>\n<\/div>\n<p><em>* Allerg\u00e8nes : contient des sulfites.<\/em><\/p>\n<p>&nbsp;<\/p>\n<hr>\n<p>&nbsp;<\/p>\n<p><strong>Accords mets-vins<\/strong><\/p>\n<p>Plats de p\u00e2tes accompagn\u00e9es de sauces traditionnelles, viandes blanches et fromages affin\u00e9s.<\/p>\n","protected":false},"excerpt":{"rendered":"<p>Le Famara rouge est l&rsquo;expression la plus classique de notre c\u00e9page List\u00e1n Negro. Il m\u00fbrit en cave pendant le temps n\u00e9cessaire pour obtenir un vin agr\u00e9able et authentique. \u00c9labor\u00e9 de mani\u00e8re traditionnelle, en mac\u00e9rant les raisins avec leur peau pendant 6 \u00e0 7 jours, nous obtenons ainsi une robe intense et un vin classique de Lanzarote. <\/p>\n<p><em><strong>Disponible uniquement pour les \u00eeles Canaries<\/strong><\/em><\/p>\n<p><a href=\"https:\/\/www.vegadeyuco.com\/wp-content\/uploads\/2022\/02\/Riscos_de_Famara_tinto-min.pdf\" target=\"_blank\" rel=\"noopener\">Voir la fiche de d\u00e9gustation<\/a><\/p>\n","protected":false},"featured_media":27468,"template":"","meta":[],"product_brand":[],"product_cat":[351,344,339],"product_tag":[],"class_list":{"0":"post-27469","1":"product","2":"type-product","3":"status-publish","4":"has-post-thumbnail","6":"product_cat-famara","7":"product_cat-rouge","8":"product_cat-can","9":"product_shipping_class-seulement-les-canaries","11":"first","12":"outofstock","13":"shipping-taxable","14":"purchasable","15":"product-type-simple"},"yoast_head":"<!-- This site is optimized with the Yoast SEO plugin v26.8 - https:\/\/yoast.com\/product\/yoast-seo-wordpress\/ -->\n<title>Riscos de Famara Rouge &#8226; Vega de Yuco<\/title>\n<meta name=\"description\" content=\"Le Famara rouge est l&#039;expression la plus classique du list\u00e1n negro. Il m\u00fbrit pendant le temps n\u00e9cessaire pour obtenir un vin agr\u00e9able et authentique.\" \/>\n<meta name=\"robots\" content=\"index, follow, max-snippet:-1, max-image-preview:large, max-video-preview:-1\" \/>\n<link rel=\"canonical\" href=\"https:\/\/www.vegadeyuco.com\/fr\/producto\/riscos-de-famara-rouge\/\" \/>\n<meta property=\"og:locale\" content=\"fr_FR\" \/>\n<meta property=\"og:type\" content=\"article\" \/>\n<meta property=\"og:title\" content=\"Riscos de Famara Rouge &#8226; Vega de Yuco\" \/>\n<meta property=\"og:description\" content=\"Le Famara rouge est l&#039;expression la plus classique du list\u00e1n negro. Il m\u00fbrit pendant le temps n\u00e9cessaire pour obtenir un vin agr\u00e9able et authentique.\" \/>\n<meta property=\"og:url\" content=\"https:\/\/www.vegadeyuco.com\/fr\/producto\/riscos-de-famara-rouge\/\" \/>\n<meta property=\"og:site_name\" content=\"Vega de Yuco\" \/>\n<meta property=\"article:publisher\" content=\"https:\/\/www.facebook.com\/vegadeyuco\" \/>\n<meta property=\"article:modified_time\" content=\"2026-01-09T14:01:56+00:00\" \/>\n<meta property=\"og:image\" content=\"https:\/\/www.vegadeyuco.com\/wp-content\/uploads\/2019\/11\/Famara-tinto.png\" \/>\n\t<meta property=\"og:image:width\" content=\"1000\" \/>\n\t<meta property=\"og:image:height\" content=\"1000\" \/>\n\t<meta property=\"og:image:type\" content=\"image\/png\" \/>\n<meta name=\"twitter:card\" content=\"summary_large_image\" \/>\n<meta name=\"twitter:label1\" content=\"Dur\u00e9e de lecture estim\u00e9e\" \/>\n\t<meta name=\"twitter:data1\" content=\"1 minute\" \/>\n<script type=\"application\/ld+json\" class=\"yoast-schema-graph\">{\"@context\":\"https:\/\/schema.org\",\"@graph\":[{\"@type\":\"WebPage\",\"@id\":\"https:\/\/www.vegadeyuco.com\/fr\/producto\/riscos-de-famara-rouge\/\",\"url\":\"https:\/\/www.vegadeyuco.com\/fr\/producto\/riscos-de-famara-rouge\/\",\"name\":\"Riscos de Famara Rouge &#8226; Vega de Yuco\",\"isPartOf\":{\"@id\":\"https:\/\/www.vegadeyuco.com\/fr\/#website\"},\"primaryImageOfPage\":{\"@id\":\"https:\/\/www.vegadeyuco.com\/fr\/producto\/riscos-de-famara-rouge\/#primaryimage\"},\"image\":{\"@id\":\"https:\/\/www.vegadeyuco.com\/fr\/producto\/riscos-de-famara-rouge\/#primaryimage\"},\"thumbnailUrl\":\"https:\/\/www.vegadeyuco.com\/wp-content\/uploads\/2019\/11\/Famara-tinto.png\",\"datePublished\":\"2025-05-18T19:00:53+00:00\",\"dateModified\":\"2026-01-09T14:01:56+00:00\",\"description\":\"Le Famara rouge est l'expression la plus classique du list\u00e1n negro. Il m\u00fbrit pendant le temps n\u00e9cessaire pour obtenir un vin agr\u00e9able et authentique.\",\"breadcrumb\":{\"@id\":\"https:\/\/www.vegadeyuco.com\/fr\/producto\/riscos-de-famara-rouge\/#breadcrumb\"},\"inLanguage\":\"fr-FR\",\"potentialAction\":[{\"@type\":\"ReadAction\",\"target\":[\"https:\/\/www.vegadeyuco.com\/fr\/producto\/riscos-de-famara-rouge\/\"]}]},{\"@type\":\"ImageObject\",\"inLanguage\":\"fr-FR\",\"@id\":\"https:\/\/www.vegadeyuco.com\/fr\/producto\/riscos-de-famara-rouge\/#primaryimage\",\"url\":\"https:\/\/www.vegadeyuco.com\/wp-content\/uploads\/2019\/11\/Famara-tinto.png\",\"contentUrl\":\"https:\/\/www.vegadeyuco.com\/wp-content\/uploads\/2019\/11\/Famara-tinto.png\",\"width\":1000,\"height\":1000},{\"@type\":\"BreadcrumbList\",\"@id\":\"https:\/\/www.vegadeyuco.com\/fr\/producto\/riscos-de-famara-rouge\/#breadcrumb\",\"itemListElement\":[{\"@type\":\"ListItem\",\"position\":1,\"name\":\"Portada\",\"item\":\"https:\/\/www.vegadeyuco.com\/fr\/vega-de-yuco-cave-a-vin-a-lanzarote\/\"},{\"@type\":\"ListItem\",\"position\":2,\"name\":\"Boutique\",\"item\":\"https:\/\/www.vegadeyuco.com\/fr\/boutique\/\"},{\"@type\":\"ListItem\",\"position\":3,\"name\":\"Riscos de Famara Rouge\"}]},{\"@type\":\"WebSite\",\"@id\":\"https:\/\/www.vegadeyuco.com\/fr\/#website\",\"url\":\"https:\/\/www.vegadeyuco.com\/fr\/\",\"name\":\"Vega de Yuco\",\"description\":\"Bodegas y Vi\u00f1edos Vega de Yuco en Lanzarote, una bodega tradicional Canaria que destila autenticidad e innovaci\u00f3n. \",\"publisher\":{\"@id\":\"https:\/\/www.vegadeyuco.com\/fr\/#organization\"},\"potentialAction\":[{\"@type\":\"SearchAction\",\"target\":{\"@type\":\"EntryPoint\",\"urlTemplate\":\"https:\/\/www.vegadeyuco.com\/fr\/?s={search_term_string}\"},\"query-input\":{\"@type\":\"PropertyValueSpecification\",\"valueRequired\":true,\"valueName\":\"search_term_string\"}}],\"inLanguage\":\"fr-FR\"},{\"@type\":\"Organization\",\"@id\":\"https:\/\/www.vegadeyuco.com\/fr\/#organization\",\"name\":\"Bodegas Vega de Yuco\",\"url\":\"https:\/\/www.vegadeyuco.com\/fr\/\",\"logo\":{\"@type\":\"ImageObject\",\"inLanguage\":\"fr-FR\",\"@id\":\"https:\/\/www.vegadeyuco.com\/fr\/#\/schema\/logo\/image\/\",\"url\":\"https:\/\/www.vegadeyuco.com\/wp-content\/uploads\/2020\/01\/LOGO_VEGADEYUCO_cabecera_pedidos.png\",\"contentUrl\":\"https:\/\/www.vegadeyuco.com\/wp-content\/uploads\/2020\/01\/LOGO_VEGADEYUCO_cabecera_pedidos.png\",\"width\":250,\"height\":150,\"caption\":\"Bodegas Vega de Yuco\"},\"image\":{\"@id\":\"https:\/\/www.vegadeyuco.com\/fr\/#\/schema\/logo\/image\/\"},\"sameAs\":[\"https:\/\/www.facebook.com\/vegadeyuco\",\"https:\/\/www.instagram.com\/vegadeyuco\/\",\"https:\/\/www.youtube.com\/channel\/UCmDMkmxMCvbSXTLTAs3DM7A\"]}]}<\/script>\n<!-- \/ Yoast SEO plugin. -->","yoast_head_json":{"title":"Riscos de Famara Rouge &#8226; Vega de Yuco","description":"Le Famara rouge est l'expression la plus classique du list\u00e1n negro. Il m\u00fbrit pendant le temps n\u00e9cessaire pour obtenir un vin agr\u00e9able et authentique.","robots":{"index":"index","follow":"follow","max-snippet":"max-snippet:-1","max-image-preview":"max-image-preview:large","max-video-preview":"max-video-preview:-1"},"canonical":"https:\/\/www.vegadeyuco.com\/fr\/producto\/riscos-de-famara-rouge\/","og_locale":"fr_FR","og_type":"article","og_title":"Riscos de Famara Rouge &#8226; Vega de Yuco","og_description":"Le Famara rouge est l'expression la plus classique du list\u00e1n negro. Il m\u00fbrit pendant le temps n\u00e9cessaire pour obtenir un vin agr\u00e9able et authentique.","og_url":"https:\/\/www.vegadeyuco.com\/fr\/producto\/riscos-de-famara-rouge\/","og_site_name":"Vega de Yuco","article_publisher":"https:\/\/www.facebook.com\/vegadeyuco","article_modified_time":"2026-01-09T14:01:56+00:00","og_image":[{"width":1000,"height":1000,"url":"https:\/\/www.vegadeyuco.com\/wp-content\/uploads\/2019\/11\/Famara-tinto.png","type":"image\/png"}],"twitter_card":"summary_large_image","twitter_misc":{"Dur\u00e9e de lecture estim\u00e9e":"1 minute"},"schema":{"@context":"https:\/\/schema.org","@graph":[{"@type":"WebPage","@id":"https:\/\/www.vegadeyuco.com\/fr\/producto\/riscos-de-famara-rouge\/","url":"https:\/\/www.vegadeyuco.com\/fr\/producto\/riscos-de-famara-rouge\/","name":"Riscos de Famara Rouge &#8226; Vega de Yuco","isPartOf":{"@id":"https:\/\/www.vegadeyuco.com\/fr\/#website"},"primaryImageOfPage":{"@id":"https:\/\/www.vegadeyuco.com\/fr\/producto\/riscos-de-famara-rouge\/#primaryimage"},"image":{"@id":"https:\/\/www.vegadeyuco.com\/fr\/producto\/riscos-de-famara-rouge\/#primaryimage"},"thumbnailUrl":"https:\/\/www.vegadeyuco.com\/wp-content\/uploads\/2019\/11\/Famara-tinto.png","datePublished":"2025-05-18T19:00:53+00:00","dateModified":"2026-01-09T14:01:56+00:00","description":"Le Famara rouge est l'expression la plus classique du list\u00e1n negro. Il m\u00fbrit pendant le temps n\u00e9cessaire pour obtenir un vin agr\u00e9able et authentique.","breadcrumb":{"@id":"https:\/\/www.vegadeyuco.com\/fr\/producto\/riscos-de-famara-rouge\/#breadcrumb"},"inLanguage":"fr-FR","potentialAction":[{"@type":"ReadAction","target":["https:\/\/www.vegadeyuco.com\/fr\/producto\/riscos-de-famara-rouge\/"]}]},{"@type":"ImageObject","inLanguage":"fr-FR","@id":"https:\/\/www.vegadeyuco.com\/fr\/producto\/riscos-de-famara-rouge\/#primaryimage","url":"https:\/\/www.vegadeyuco.com\/wp-content\/uploads\/2019\/11\/Famara-tinto.png","contentUrl":"https:\/\/www.vegadeyuco.com\/wp-content\/uploads\/2019\/11\/Famara-tinto.png","width":1000,"height":1000},{"@type":"BreadcrumbList","@id":"https:\/\/www.vegadeyuco.com\/fr\/producto\/riscos-de-famara-rouge\/#breadcrumb","itemListElement":[{"@type":"ListItem","position":1,"name":"Portada","item":"https:\/\/www.vegadeyuco.com\/fr\/vega-de-yuco-cave-a-vin-a-lanzarote\/"},{"@type":"ListItem","position":2,"name":"Boutique","item":"https:\/\/www.vegadeyuco.com\/fr\/boutique\/"},{"@type":"ListItem","position":3,"name":"Riscos de Famara Rouge"}]},{"@type":"WebSite","@id":"https:\/\/www.vegadeyuco.com\/fr\/#website","url":"https:\/\/www.vegadeyuco.com\/fr\/","name":"Vega de Yuco","description":"Bodegas y Vi\u00f1edos Vega de Yuco en Lanzarote, una bodega tradicional Canaria que destila autenticidad e innovaci\u00f3n. ","publisher":{"@id":"https:\/\/www.vegadeyuco.com\/fr\/#organization"},"potentialAction":[{"@type":"SearchAction","target":{"@type":"EntryPoint","urlTemplate":"https:\/\/www.vegadeyuco.com\/fr\/?s={search_term_string}"},"query-input":{"@type":"PropertyValueSpecification","valueRequired":true,"valueName":"search_term_string"}}],"inLanguage":"fr-FR"},{"@type":"Organization","@id":"https:\/\/www.vegadeyuco.com\/fr\/#organization","name":"Bodegas Vega de Yuco","url":"https:\/\/www.vegadeyuco.com\/fr\/","logo":{"@type":"ImageObject","inLanguage":"fr-FR","@id":"https:\/\/www.vegadeyuco.com\/fr\/#\/schema\/logo\/image\/","url":"https:\/\/www.vegadeyuco.com\/wp-content\/uploads\/2020\/01\/LOGO_VEGADEYUCO_cabecera_pedidos.png","contentUrl":"https:\/\/www.vegadeyuco.com\/wp-content\/uploads\/2020\/01\/LOGO_VEGADEYUCO_cabecera_pedidos.png","width":250,"height":150,"caption":"Bodegas Vega de Yuco"},"image":{"@id":"https:\/\/www.vegadeyuco.com\/fr\/#\/schema\/logo\/image\/"},"sameAs":["https:\/\/www.facebook.com\/vegadeyuco","https:\/\/www.instagram.com\/vegadeyuco\/","https:\/\/www.youtube.com\/channel\/UCmDMkmxMCvbSXTLTAs3DM7A"]}]}},"post_mailing_queue_ids":[],"_links":{"self":[{"href":"https:\/\/www.vegadeyuco.com\/fr\/wp-json\/wp\/v2\/product\/27469","targetHints":{"allow":["GET"]}}],"collection":[{"href":"https:\/\/www.vegadeyuco.com\/fr\/wp-json\/wp\/v2\/product"}],"about":[{"href":"https:\/\/www.vegadeyuco.com\/fr\/wp-json\/wp\/v2\/types\/product"}],"version-history":[{"count":1,"href":"https:\/\/www.vegadeyuco.com\/fr\/wp-json\/wp\/v2\/product\/27469\/revisions"}],"predecessor-version":[{"id":27472,"href":"https:\/\/www.vegadeyuco.com\/fr\/wp-json\/wp\/v2\/product\/27469\/revisions\/27472"}],"wp:featuredmedia":[{"embeddable":true,"href":"https:\/\/www.vegadeyuco.com\/fr\/wp-json\/wp\/v2\/media\/27468"}],"wp:attachment":[{"href":"https:\/\/www.vegadeyuco.com\/fr\/wp-json\/wp\/v2\/media?parent=27469"}],"wp:term":[{"taxonomy":"product_brand","embeddable":true,"href":"https:\/\/www.vegadeyuco.com\/fr\/wp-json\/wp\/v2\/product_brand?post=27469"},{"taxonomy":"product_cat","embeddable":true,"href":"https:\/\/www.vegadeyuco.com\/fr\/wp-json\/wp\/v2\/product_cat?post=27469"},{"taxonomy":"product_tag","embeddable":true,"href":"https:\/\/www.vegadeyuco.com\/fr\/wp-json\/wp\/v2\/product_tag?post=27469"}],"curies":[{"name":"wp","href":"https:\/\/api.w.org\/{rel}","templated":true}]}}