{"id":27473,"date":"2025-05-18T19:59:34","date_gmt":"2025-05-18T18:59:34","guid":{"rendered":"https:\/\/www.vegadeyuco.com\/producto\/riscos-de-famara-rose\/"},"modified":"2025-05-18T19:59:34","modified_gmt":"2025-05-18T18:59:34","slug":"riscos-de-famara-rose","status":"publish","type":"product","link":"https:\/\/www.vegadeyuco.com\/fr\/producto\/riscos-de-famara-rose\/","title":{"rendered":"Riscos de Famara Ros\u00e9"},"content":{"rendered":"<p>Famara Rosado est l&rsquo;expression la plus classique de nos ros\u00e9s, un vin obtenu par saign\u00e9e de notre list\u00e1n negro et fermentation \u00e0 temp\u00e9rature contr\u00f4l\u00e9e dans des cuves en acier inoxydable. Un vin id\u00e9al pour profiter du climat des \u00eeles. <\/p>\n<p><span style=\"color: #0252a2\">Couleur<\/span><br \/>\nIl s&rsquo;agit d&rsquo;un vin rose saumon\u00e9, d&rsquo;une intensit\u00e9 moyenne, limpide et brillant.<\/p>\n<p><span style=\"color: #0252a2\">Nez<\/span><br \/>\nAr\u00f4mes de fruits rouges comme la fraise ou la cerise, frais et p\u00e9n\u00e9trant.<\/p>\n<p><span style=\"color: #0252a2\">Bouche<\/span><br \/>\nEn bouche, il est l\u00e9ger, agr\u00e9able et vif.<\/p>\n<p>Le Famara ros\u00e9 se marie parfaitement avec les plats de p\u00e2tes ou de riz et une bonne discussion entre amis.<\/p>\n<p>La polyvalence de ce vin permet des accords culinaires allant des salades aux plats plus copieux ou \u00e9pic\u00e9s, tels que les p\u00e2tes aux condiments piquants, les poissons bleus ou les sushis.<\/p>\n<p><em>* Allerg\u00e8nes : contient des sulfites.<\/em><\/p>\n<p>&nbsp;<\/p>\n<hr>\n<p>&nbsp;<\/p>\n<p><strong>Accords mets-vins<\/strong><\/p>\n<p>La polyvalence de ce vin permet des accords culinaires allant des salades aux plats plus copieux ou \u00e9pic\u00e9s, tels que les p\u00e2tes aux condiments piquants, les poissons bleus ou les sushis.<\/p>\n","protected":false},"excerpt":{"rendered":"<p>Famara Rosado est l&rsquo;expression la plus classique de nos ros\u00e9s, un vin obtenu par saign\u00e9e de notre list\u00e1n negro et fermentation \u00e0 temp\u00e9rature contr\u00f4l\u00e9e dans des cuves en acier inoxydable.<\/p>\n<p>Un vin id\u00e9al pour profiter du climat des \u00eeles.<\/p>\n<p><strong><em>Disponible uniquement aux Canaries.<\/em><\/strong> <\/p>\n<p><a href=\"https:\/\/www.vegadeyuco.com\/wp-content\/uploads\/2022\/02\/Riscos_de_Famara_rosado-min.pdf\" target=\"_blank\" rel=\"noopener\">Voir la fiche de d\u00e9gustation<\/a><\/p>\n","protected":false},"featured_media":22116,"template":"","meta":[],"product_brand":[],"product_cat":[351,338,339],"product_tag":[],"class_list":{"0":"post-27473","1":"product","2":"type-product","3":"status-publish","4":"has-post-thumbnail","6":"product_cat-famara","7":"product_cat-rose","8":"product_cat-can","9":"product_shipping_class-seulement-les-canaries","11":"first","12":"instock","13":"shipping-taxable","14":"purchasable","15":"product-type-simple"},"yoast_head":"<!-- This site is optimized with the Yoast SEO plugin v26.8 - https:\/\/yoast.com\/product\/yoast-seo-wordpress\/ -->\n<title>Riscos de Famara Ros\u00e9 &#8226; Vega de Yuco<\/title>\n<meta name=\"description\" content=\"Famara Rosado est l&#039;expression la plus classique de nos ros\u00e9s, un vin de Lanzarote obtenu par saign\u00e9e de notre c\u00e9page List\u00e1n Negro.\" \/>\n<meta name=\"robots\" content=\"index, follow, max-snippet:-1, max-image-preview:large, max-video-preview:-1\" \/>\n<link rel=\"canonical\" href=\"https:\/\/www.vegadeyuco.com\/fr\/producto\/riscos-de-famara-rose\/\" \/>\n<meta property=\"og:locale\" content=\"fr_FR\" \/>\n<meta property=\"og:type\" content=\"article\" \/>\n<meta property=\"og:title\" content=\"Riscos de Famara Ros\u00e9 &#8226; Vega de Yuco\" \/>\n<meta property=\"og:description\" content=\"Famara Rosado est l&#039;expression la plus classique de nos ros\u00e9s, un vin de Lanzarote obtenu par saign\u00e9e de notre c\u00e9page List\u00e1n Negro.\" \/>\n<meta property=\"og:url\" content=\"https:\/\/www.vegadeyuco.com\/fr\/producto\/riscos-de-famara-rose\/\" \/>\n<meta property=\"og:site_name\" content=\"Vega de Yuco\" \/>\n<meta property=\"article:publisher\" content=\"https:\/\/www.facebook.com\/vegadeyuco\" \/>\n<meta property=\"og:image\" content=\"https:\/\/www.vegadeyuco.com\/wp-content\/uploads\/2019\/11\/Famara-rosado.png\" \/>\n\t<meta property=\"og:image:width\" content=\"1000\" \/>\n\t<meta property=\"og:image:height\" content=\"1000\" \/>\n\t<meta property=\"og:image:type\" content=\"image\/png\" \/>\n<meta name=\"twitter:card\" content=\"summary_large_image\" \/>\n<meta name=\"twitter:label1\" content=\"Dur\u00e9e de lecture estim\u00e9e\" \/>\n\t<meta name=\"twitter:data1\" content=\"1 minute\" \/>\n<script type=\"application\/ld+json\" class=\"yoast-schema-graph\">{\"@context\":\"https:\/\/schema.org\",\"@graph\":[{\"@type\":\"WebPage\",\"@id\":\"https:\/\/www.vegadeyuco.com\/fr\/producto\/riscos-de-famara-rose\/\",\"url\":\"https:\/\/www.vegadeyuco.com\/fr\/producto\/riscos-de-famara-rose\/\",\"name\":\"Riscos de Famara Ros\u00e9 &#8226; Vega de Yuco\",\"isPartOf\":{\"@id\":\"https:\/\/www.vegadeyuco.com\/fr\/#website\"},\"primaryImageOfPage\":{\"@id\":\"https:\/\/www.vegadeyuco.com\/fr\/producto\/riscos-de-famara-rose\/#primaryimage\"},\"image\":{\"@id\":\"https:\/\/www.vegadeyuco.com\/fr\/producto\/riscos-de-famara-rose\/#primaryimage\"},\"thumbnailUrl\":\"https:\/\/www.vegadeyuco.com\/wp-content\/uploads\/2019\/11\/Famara-rosado.png\",\"datePublished\":\"2025-05-18T18:59:34+00:00\",\"description\":\"Famara Rosado est l'expression la plus classique de nos ros\u00e9s, un vin de Lanzarote obtenu par saign\u00e9e de notre c\u00e9page List\u00e1n Negro.\",\"breadcrumb\":{\"@id\":\"https:\/\/www.vegadeyuco.com\/fr\/producto\/riscos-de-famara-rose\/#breadcrumb\"},\"inLanguage\":\"fr-FR\",\"potentialAction\":[{\"@type\":\"ReadAction\",\"target\":[\"https:\/\/www.vegadeyuco.com\/fr\/producto\/riscos-de-famara-rose\/\"]}]},{\"@type\":\"ImageObject\",\"inLanguage\":\"fr-FR\",\"@id\":\"https:\/\/www.vegadeyuco.com\/fr\/producto\/riscos-de-famara-rose\/#primaryimage\",\"url\":\"https:\/\/www.vegadeyuco.com\/wp-content\/uploads\/2019\/11\/Famara-rosado.png\",\"contentUrl\":\"https:\/\/www.vegadeyuco.com\/wp-content\/uploads\/2019\/11\/Famara-rosado.png\",\"width\":1000,\"height\":1000},{\"@type\":\"BreadcrumbList\",\"@id\":\"https:\/\/www.vegadeyuco.com\/fr\/producto\/riscos-de-famara-rose\/#breadcrumb\",\"itemListElement\":[{\"@type\":\"ListItem\",\"position\":1,\"name\":\"Portada\",\"item\":\"https:\/\/www.vegadeyuco.com\/fr\/vega-de-yuco-cave-a-vin-a-lanzarote\/\"},{\"@type\":\"ListItem\",\"position\":2,\"name\":\"Boutique\",\"item\":\"https:\/\/www.vegadeyuco.com\/fr\/boutique\/\"},{\"@type\":\"ListItem\",\"position\":3,\"name\":\"Riscos de Famara Ros\u00e9\"}]},{\"@type\":\"WebSite\",\"@id\":\"https:\/\/www.vegadeyuco.com\/fr\/#website\",\"url\":\"https:\/\/www.vegadeyuco.com\/fr\/\",\"name\":\"Vega de Yuco\",\"description\":\"Bodegas y Vi\u00f1edos Vega de Yuco en Lanzarote, una bodega tradicional Canaria que destila autenticidad e innovaci\u00f3n. \",\"publisher\":{\"@id\":\"https:\/\/www.vegadeyuco.com\/fr\/#organization\"},\"potentialAction\":[{\"@type\":\"SearchAction\",\"target\":{\"@type\":\"EntryPoint\",\"urlTemplate\":\"https:\/\/www.vegadeyuco.com\/fr\/?s={search_term_string}\"},\"query-input\":{\"@type\":\"PropertyValueSpecification\",\"valueRequired\":true,\"valueName\":\"search_term_string\"}}],\"inLanguage\":\"fr-FR\"},{\"@type\":\"Organization\",\"@id\":\"https:\/\/www.vegadeyuco.com\/fr\/#organization\",\"name\":\"Bodegas Vega de Yuco\",\"url\":\"https:\/\/www.vegadeyuco.com\/fr\/\",\"logo\":{\"@type\":\"ImageObject\",\"inLanguage\":\"fr-FR\",\"@id\":\"https:\/\/www.vegadeyuco.com\/fr\/#\/schema\/logo\/image\/\",\"url\":\"https:\/\/www.vegadeyuco.com\/wp-content\/uploads\/2020\/01\/LOGO_VEGADEYUCO_cabecera_pedidos.png\",\"contentUrl\":\"https:\/\/www.vegadeyuco.com\/wp-content\/uploads\/2020\/01\/LOGO_VEGADEYUCO_cabecera_pedidos.png\",\"width\":250,\"height\":150,\"caption\":\"Bodegas Vega de Yuco\"},\"image\":{\"@id\":\"https:\/\/www.vegadeyuco.com\/fr\/#\/schema\/logo\/image\/\"},\"sameAs\":[\"https:\/\/www.facebook.com\/vegadeyuco\",\"https:\/\/www.instagram.com\/vegadeyuco\/\",\"https:\/\/www.youtube.com\/channel\/UCmDMkmxMCvbSXTLTAs3DM7A\"]}]}<\/script>\n<!-- \/ Yoast SEO plugin. -->","yoast_head_json":{"title":"Riscos de Famara Ros\u00e9 &#8226; Vega de Yuco","description":"Famara Rosado est l'expression la plus classique de nos ros\u00e9s, un vin de Lanzarote obtenu par saign\u00e9e de notre c\u00e9page List\u00e1n Negro.","robots":{"index":"index","follow":"follow","max-snippet":"max-snippet:-1","max-image-preview":"max-image-preview:large","max-video-preview":"max-video-preview:-1"},"canonical":"https:\/\/www.vegadeyuco.com\/fr\/producto\/riscos-de-famara-rose\/","og_locale":"fr_FR","og_type":"article","og_title":"Riscos de Famara Ros\u00e9 &#8226; Vega de Yuco","og_description":"Famara Rosado est l'expression la plus classique de nos ros\u00e9s, un vin de Lanzarote obtenu par saign\u00e9e de notre c\u00e9page List\u00e1n Negro.","og_url":"https:\/\/www.vegadeyuco.com\/fr\/producto\/riscos-de-famara-rose\/","og_site_name":"Vega de Yuco","article_publisher":"https:\/\/www.facebook.com\/vegadeyuco","og_image":[{"width":1000,"height":1000,"url":"https:\/\/www.vegadeyuco.com\/wp-content\/uploads\/2019\/11\/Famara-rosado.png","type":"image\/png"}],"twitter_card":"summary_large_image","twitter_misc":{"Dur\u00e9e de lecture estim\u00e9e":"1 minute"},"schema":{"@context":"https:\/\/schema.org","@graph":[{"@type":"WebPage","@id":"https:\/\/www.vegadeyuco.com\/fr\/producto\/riscos-de-famara-rose\/","url":"https:\/\/www.vegadeyuco.com\/fr\/producto\/riscos-de-famara-rose\/","name":"Riscos de Famara Ros\u00e9 &#8226; Vega de Yuco","isPartOf":{"@id":"https:\/\/www.vegadeyuco.com\/fr\/#website"},"primaryImageOfPage":{"@id":"https:\/\/www.vegadeyuco.com\/fr\/producto\/riscos-de-famara-rose\/#primaryimage"},"image":{"@id":"https:\/\/www.vegadeyuco.com\/fr\/producto\/riscos-de-famara-rose\/#primaryimage"},"thumbnailUrl":"https:\/\/www.vegadeyuco.com\/wp-content\/uploads\/2019\/11\/Famara-rosado.png","datePublished":"2025-05-18T18:59:34+00:00","description":"Famara Rosado est l'expression la plus classique de nos ros\u00e9s, un vin de Lanzarote obtenu par saign\u00e9e de notre c\u00e9page List\u00e1n Negro.","breadcrumb":{"@id":"https:\/\/www.vegadeyuco.com\/fr\/producto\/riscos-de-famara-rose\/#breadcrumb"},"inLanguage":"fr-FR","potentialAction":[{"@type":"ReadAction","target":["https:\/\/www.vegadeyuco.com\/fr\/producto\/riscos-de-famara-rose\/"]}]},{"@type":"ImageObject","inLanguage":"fr-FR","@id":"https:\/\/www.vegadeyuco.com\/fr\/producto\/riscos-de-famara-rose\/#primaryimage","url":"https:\/\/www.vegadeyuco.com\/wp-content\/uploads\/2019\/11\/Famara-rosado.png","contentUrl":"https:\/\/www.vegadeyuco.com\/wp-content\/uploads\/2019\/11\/Famara-rosado.png","width":1000,"height":1000},{"@type":"BreadcrumbList","@id":"https:\/\/www.vegadeyuco.com\/fr\/producto\/riscos-de-famara-rose\/#breadcrumb","itemListElement":[{"@type":"ListItem","position":1,"name":"Portada","item":"https:\/\/www.vegadeyuco.com\/fr\/vega-de-yuco-cave-a-vin-a-lanzarote\/"},{"@type":"ListItem","position":2,"name":"Boutique","item":"https:\/\/www.vegadeyuco.com\/fr\/boutique\/"},{"@type":"ListItem","position":3,"name":"Riscos de Famara Ros\u00e9"}]},{"@type":"WebSite","@id":"https:\/\/www.vegadeyuco.com\/fr\/#website","url":"https:\/\/www.vegadeyuco.com\/fr\/","name":"Vega de Yuco","description":"Bodegas y Vi\u00f1edos Vega de Yuco en Lanzarote, una bodega tradicional Canaria que destila autenticidad e innovaci\u00f3n. ","publisher":{"@id":"https:\/\/www.vegadeyuco.com\/fr\/#organization"},"potentialAction":[{"@type":"SearchAction","target":{"@type":"EntryPoint","urlTemplate":"https:\/\/www.vegadeyuco.com\/fr\/?s={search_term_string}"},"query-input":{"@type":"PropertyValueSpecification","valueRequired":true,"valueName":"search_term_string"}}],"inLanguage":"fr-FR"},{"@type":"Organization","@id":"https:\/\/www.vegadeyuco.com\/fr\/#organization","name":"Bodegas Vega de Yuco","url":"https:\/\/www.vegadeyuco.com\/fr\/","logo":{"@type":"ImageObject","inLanguage":"fr-FR","@id":"https:\/\/www.vegadeyuco.com\/fr\/#\/schema\/logo\/image\/","url":"https:\/\/www.vegadeyuco.com\/wp-content\/uploads\/2020\/01\/LOGO_VEGADEYUCO_cabecera_pedidos.png","contentUrl":"https:\/\/www.vegadeyuco.com\/wp-content\/uploads\/2020\/01\/LOGO_VEGADEYUCO_cabecera_pedidos.png","width":250,"height":150,"caption":"Bodegas Vega de Yuco"},"image":{"@id":"https:\/\/www.vegadeyuco.com\/fr\/#\/schema\/logo\/image\/"},"sameAs":["https:\/\/www.facebook.com\/vegadeyuco","https:\/\/www.instagram.com\/vegadeyuco\/","https:\/\/www.youtube.com\/channel\/UCmDMkmxMCvbSXTLTAs3DM7A"]}]}},"post_mailing_queue_ids":[],"_links":{"self":[{"href":"https:\/\/www.vegadeyuco.com\/fr\/wp-json\/wp\/v2\/product\/27473","targetHints":{"allow":["GET"]}}],"collection":[{"href":"https:\/\/www.vegadeyuco.com\/fr\/wp-json\/wp\/v2\/product"}],"about":[{"href":"https:\/\/www.vegadeyuco.com\/fr\/wp-json\/wp\/v2\/types\/product"}],"version-history":[{"count":0,"href":"https:\/\/www.vegadeyuco.com\/fr\/wp-json\/wp\/v2\/product\/27473\/revisions"}],"wp:featuredmedia":[{"embeddable":true,"href":"https:\/\/www.vegadeyuco.com\/fr\/wp-json\/wp\/v2\/media\/22116"}],"wp:attachment":[{"href":"https:\/\/www.vegadeyuco.com\/fr\/wp-json\/wp\/v2\/media?parent=27473"}],"wp:term":[{"taxonomy":"product_brand","embeddable":true,"href":"https:\/\/www.vegadeyuco.com\/fr\/wp-json\/wp\/v2\/product_brand?post=27473"},{"taxonomy":"product_cat","embeddable":true,"href":"https:\/\/www.vegadeyuco.com\/fr\/wp-json\/wp\/v2\/product_cat?post=27473"},{"taxonomy":"product_tag","embeddable":true,"href":"https:\/\/www.vegadeyuco.com\/fr\/wp-json\/wp\/v2\/product_tag?post=27473"}],"curies":[{"name":"wp","href":"https:\/\/api.w.org\/{rel}","templated":true}]}}