{"id":27481,"date":"2025-05-18T19:57:13","date_gmt":"2025-05-18T18:57:13","guid":{"rendered":"https:\/\/www.vegadeyuco.com\/producto\/riscos-de-famara-blanc-sec\/"},"modified":"2025-05-18T19:57:13","modified_gmt":"2025-05-18T18:57:13","slug":"riscos-de-famara-blanc-sec","status":"publish","type":"product","link":"https:\/\/www.vegadeyuco.com\/fr\/producto\/riscos-de-famara-blanc-sec\/","title":{"rendered":"Riscos de Famara Blanc sec"},"content":{"rendered":"<div class=\"woocommerce-product-details__short-description\">\n<p>Le Famara blanc sec est un vin qui incorpore des c\u00e9pages minoritaires de Lanzarote. Un vin qui t\u00e9moigne de notre riche diversit\u00e9, \u00e9labor\u00e9 \u00e0 partir d&rsquo;un assemblage de list\u00e1n blanc, diego et malvas\u00eda volcanique. <\/p>\n<p><span style=\"color: #0100a3;\">Couleur<\/span><br \/>\nDe couleur jaune p\u00e2le, limpide et brillante, ses nuances d\u00e9notent sa fra\u00eecheur et sa jeunesse marqu\u00e9es.<\/p>\n<p>Nez<br \/>\nAu nez, il r\u00e9v\u00e8le des notes \u00e9videntes d&rsquo;herbes aromatiques, de fenouil et de mares\u00eda, m\u00eal\u00e9es \u00e0 des agrumes qui conf\u00e8rent au m\u00e9lange une fra\u00eecheur et une personnalit\u00e9 uniques.<\/p>\n<p><span style=\"color: #0100a3;\">Bouche<\/span><br \/>\nEn bouche, il est facile, l\u00e9ger, complexe gr\u00e2ce au m\u00e9lange des c\u00e9pages et avec des notes salines qui rappellent la proximit\u00e9 de la mer.<\/p>\n<p>Un vin \u00e9labor\u00e9 gr\u00e2ce au savoir-faire du viticulteur de Lanzarote, qui a su pr\u00e9server un patrimoine vari\u00e9tal extraordinaire.<\/p>\n<\/div>\n<p><em>* Allerg\u00e8nes : contient des sulfites.<\/em><\/p>\n<p>&nbsp;<\/p>\n<hr>\n<p>&nbsp;<\/p>\n<p><strong>Accords mets-vins<\/strong><\/p>\n<p>Le Famara seco se marie parfaitement avec les cr\u00e8mes de l\u00e9gumes, les salades de l\u00e9gumineuses et de l\u00e9gumes ou les viandes froides comme le <em>rosbif <\/em>et le carpaccio.<\/p>\n","protected":false},"excerpt":{"rendered":"<p>Le Famara blanc sec est un vin qui incorpore des c\u00e9pages minoritaires de Lanzarote, \u00e9labor\u00e9 \u00e0 partir d&rsquo;un m\u00e9lange de list\u00e1n blanc, diego et malvasia volcanique, t\u00e9moignant de notre riche diversit\u00e9.<\/p>\n<p><em><strong>Disponible uniquement aux Canaries.<\/strong><\/em><\/p>\n<p><a href=\"https:\/\/www.vegadeyuco.com\/wp-content\/uploads\/2022\/02\/Riscos_de_Famara_seco-min.pdf\" target=\"_blank\" rel=\"noopener\">Voir la fiche de d\u00e9gustation<\/a>.<\/p>\n","protected":false},"featured_media":22105,"template":"","meta":[],"product_brand":[],"product_cat":[343,351,339],"product_tag":[],"class_list":{"0":"post-27481","1":"product","2":"type-product","3":"status-publish","4":"has-post-thumbnail","6":"product_cat-blanc-sec","7":"product_cat-famara","8":"product_cat-can","9":"product_shipping_class-seulement-les-canaries","11":"first","12":"instock","13":"shipping-taxable","14":"purchasable","15":"product-type-simple"},"yoast_head":"<!-- This site is optimized with the Yoast SEO plugin v26.8 - https:\/\/yoast.com\/product\/yoast-seo-wordpress\/ -->\n<title>Riscos de Famara Blanc sec &#8226; Vega de Yuco<\/title>\n<meta name=\"description\" content=\"Le Famara blanc sec est un vin qui t\u00e9moigne de notre riche diversit\u00e9, \u00e9labor\u00e9 \u00e0 partir d&#039;un assemblage de list\u00e1n blanc, diego et malvas\u00eda volcanique.\" \/>\n<meta name=\"robots\" content=\"index, follow, max-snippet:-1, max-image-preview:large, max-video-preview:-1\" \/>\n<link rel=\"canonical\" href=\"https:\/\/www.vegadeyuco.com\/fr\/producto\/riscos-de-famara-blanc-sec\/\" \/>\n<meta property=\"og:locale\" content=\"fr_FR\" \/>\n<meta property=\"og:type\" content=\"article\" \/>\n<meta property=\"og:title\" content=\"Riscos de Famara Blanc sec &#8226; Vega de Yuco\" \/>\n<meta property=\"og:description\" content=\"Le Famara blanc sec est un vin qui t\u00e9moigne de notre riche diversit\u00e9, \u00e9labor\u00e9 \u00e0 partir d&#039;un assemblage de list\u00e1n blanc, diego et malvas\u00eda volcanique.\" \/>\n<meta property=\"og:url\" content=\"https:\/\/www.vegadeyuco.com\/fr\/producto\/riscos-de-famara-blanc-sec\/\" \/>\n<meta property=\"og:site_name\" content=\"Vega de Yuco\" \/>\n<meta property=\"article:publisher\" content=\"https:\/\/www.facebook.com\/vegadeyuco\" \/>\n<meta property=\"og:image\" content=\"https:\/\/www.vegadeyuco.com\/wp-content\/uploads\/2019\/11\/Famara-Blanco-seco.png\" \/>\n\t<meta property=\"og:image:width\" content=\"1000\" \/>\n\t<meta property=\"og:image:height\" content=\"1000\" \/>\n\t<meta property=\"og:image:type\" content=\"image\/png\" \/>\n<meta name=\"twitter:card\" content=\"summary_large_image\" \/>\n<meta name=\"twitter:label1\" content=\"Dur\u00e9e de lecture estim\u00e9e\" \/>\n\t<meta name=\"twitter:data1\" content=\"1 minute\" \/>\n<script type=\"application\/ld+json\" class=\"yoast-schema-graph\">{\"@context\":\"https:\/\/schema.org\",\"@graph\":[{\"@type\":\"WebPage\",\"@id\":\"https:\/\/www.vegadeyuco.com\/fr\/producto\/riscos-de-famara-blanc-sec\/\",\"url\":\"https:\/\/www.vegadeyuco.com\/fr\/producto\/riscos-de-famara-blanc-sec\/\",\"name\":\"Riscos de Famara Blanc sec &#8226; Vega de Yuco\",\"isPartOf\":{\"@id\":\"https:\/\/www.vegadeyuco.com\/fr\/#website\"},\"primaryImageOfPage\":{\"@id\":\"https:\/\/www.vegadeyuco.com\/fr\/producto\/riscos-de-famara-blanc-sec\/#primaryimage\"},\"image\":{\"@id\":\"https:\/\/www.vegadeyuco.com\/fr\/producto\/riscos-de-famara-blanc-sec\/#primaryimage\"},\"thumbnailUrl\":\"https:\/\/www.vegadeyuco.com\/wp-content\/uploads\/2019\/11\/Famara-Blanco-seco.png\",\"datePublished\":\"2025-05-18T18:57:13+00:00\",\"description\":\"Le Famara blanc sec est un vin qui t\u00e9moigne de notre riche diversit\u00e9, \u00e9labor\u00e9 \u00e0 partir d'un assemblage de list\u00e1n blanc, diego et malvas\u00eda volcanique.\",\"breadcrumb\":{\"@id\":\"https:\/\/www.vegadeyuco.com\/fr\/producto\/riscos-de-famara-blanc-sec\/#breadcrumb\"},\"inLanguage\":\"fr-FR\",\"potentialAction\":[{\"@type\":\"ReadAction\",\"target\":[\"https:\/\/www.vegadeyuco.com\/fr\/producto\/riscos-de-famara-blanc-sec\/\"]}]},{\"@type\":\"ImageObject\",\"inLanguage\":\"fr-FR\",\"@id\":\"https:\/\/www.vegadeyuco.com\/fr\/producto\/riscos-de-famara-blanc-sec\/#primaryimage\",\"url\":\"https:\/\/www.vegadeyuco.com\/wp-content\/uploads\/2019\/11\/Famara-Blanco-seco.png\",\"contentUrl\":\"https:\/\/www.vegadeyuco.com\/wp-content\/uploads\/2019\/11\/Famara-Blanco-seco.png\",\"width\":1000,\"height\":1000},{\"@type\":\"BreadcrumbList\",\"@id\":\"https:\/\/www.vegadeyuco.com\/fr\/producto\/riscos-de-famara-blanc-sec\/#breadcrumb\",\"itemListElement\":[{\"@type\":\"ListItem\",\"position\":1,\"name\":\"Portada\",\"item\":\"https:\/\/www.vegadeyuco.com\/fr\/vega-de-yuco-cave-a-vin-a-lanzarote\/\"},{\"@type\":\"ListItem\",\"position\":2,\"name\":\"Boutique\",\"item\":\"https:\/\/www.vegadeyuco.com\/fr\/boutique\/\"},{\"@type\":\"ListItem\",\"position\":3,\"name\":\"Riscos de Famara Blanc sec\"}]},{\"@type\":\"WebSite\",\"@id\":\"https:\/\/www.vegadeyuco.com\/fr\/#website\",\"url\":\"https:\/\/www.vegadeyuco.com\/fr\/\",\"name\":\"Vega de Yuco\",\"description\":\"Bodegas y Vi\u00f1edos Vega de Yuco en Lanzarote, una bodega tradicional Canaria que destila autenticidad e innovaci\u00f3n. \",\"publisher\":{\"@id\":\"https:\/\/www.vegadeyuco.com\/fr\/#organization\"},\"potentialAction\":[{\"@type\":\"SearchAction\",\"target\":{\"@type\":\"EntryPoint\",\"urlTemplate\":\"https:\/\/www.vegadeyuco.com\/fr\/?s={search_term_string}\"},\"query-input\":{\"@type\":\"PropertyValueSpecification\",\"valueRequired\":true,\"valueName\":\"search_term_string\"}}],\"inLanguage\":\"fr-FR\"},{\"@type\":\"Organization\",\"@id\":\"https:\/\/www.vegadeyuco.com\/fr\/#organization\",\"name\":\"Bodegas Vega de Yuco\",\"url\":\"https:\/\/www.vegadeyuco.com\/fr\/\",\"logo\":{\"@type\":\"ImageObject\",\"inLanguage\":\"fr-FR\",\"@id\":\"https:\/\/www.vegadeyuco.com\/fr\/#\/schema\/logo\/image\/\",\"url\":\"https:\/\/www.vegadeyuco.com\/wp-content\/uploads\/2020\/01\/LOGO_VEGADEYUCO_cabecera_pedidos.png\",\"contentUrl\":\"https:\/\/www.vegadeyuco.com\/wp-content\/uploads\/2020\/01\/LOGO_VEGADEYUCO_cabecera_pedidos.png\",\"width\":250,\"height\":150,\"caption\":\"Bodegas Vega de Yuco\"},\"image\":{\"@id\":\"https:\/\/www.vegadeyuco.com\/fr\/#\/schema\/logo\/image\/\"},\"sameAs\":[\"https:\/\/www.facebook.com\/vegadeyuco\",\"https:\/\/www.instagram.com\/vegadeyuco\/\",\"https:\/\/www.youtube.com\/channel\/UCmDMkmxMCvbSXTLTAs3DM7A\"]}]}<\/script>\n<!-- \/ Yoast SEO plugin. -->","yoast_head_json":{"title":"Riscos de Famara Blanc sec &#8226; Vega de Yuco","description":"Le Famara blanc sec est un vin qui t\u00e9moigne de notre riche diversit\u00e9, \u00e9labor\u00e9 \u00e0 partir d'un assemblage de list\u00e1n blanc, diego et malvas\u00eda volcanique.","robots":{"index":"index","follow":"follow","max-snippet":"max-snippet:-1","max-image-preview":"max-image-preview:large","max-video-preview":"max-video-preview:-1"},"canonical":"https:\/\/www.vegadeyuco.com\/fr\/producto\/riscos-de-famara-blanc-sec\/","og_locale":"fr_FR","og_type":"article","og_title":"Riscos de Famara Blanc sec &#8226; Vega de Yuco","og_description":"Le Famara blanc sec est un vin qui t\u00e9moigne de notre riche diversit\u00e9, \u00e9labor\u00e9 \u00e0 partir d'un assemblage de list\u00e1n blanc, diego et malvas\u00eda volcanique.","og_url":"https:\/\/www.vegadeyuco.com\/fr\/producto\/riscos-de-famara-blanc-sec\/","og_site_name":"Vega de Yuco","article_publisher":"https:\/\/www.facebook.com\/vegadeyuco","og_image":[{"width":1000,"height":1000,"url":"https:\/\/www.vegadeyuco.com\/wp-content\/uploads\/2019\/11\/Famara-Blanco-seco.png","type":"image\/png"}],"twitter_card":"summary_large_image","twitter_misc":{"Dur\u00e9e de lecture estim\u00e9e":"1 minute"},"schema":{"@context":"https:\/\/schema.org","@graph":[{"@type":"WebPage","@id":"https:\/\/www.vegadeyuco.com\/fr\/producto\/riscos-de-famara-blanc-sec\/","url":"https:\/\/www.vegadeyuco.com\/fr\/producto\/riscos-de-famara-blanc-sec\/","name":"Riscos de Famara Blanc sec &#8226; Vega de Yuco","isPartOf":{"@id":"https:\/\/www.vegadeyuco.com\/fr\/#website"},"primaryImageOfPage":{"@id":"https:\/\/www.vegadeyuco.com\/fr\/producto\/riscos-de-famara-blanc-sec\/#primaryimage"},"image":{"@id":"https:\/\/www.vegadeyuco.com\/fr\/producto\/riscos-de-famara-blanc-sec\/#primaryimage"},"thumbnailUrl":"https:\/\/www.vegadeyuco.com\/wp-content\/uploads\/2019\/11\/Famara-Blanco-seco.png","datePublished":"2025-05-18T18:57:13+00:00","description":"Le Famara blanc sec est un vin qui t\u00e9moigne de notre riche diversit\u00e9, \u00e9labor\u00e9 \u00e0 partir d'un assemblage de list\u00e1n blanc, diego et malvas\u00eda volcanique.","breadcrumb":{"@id":"https:\/\/www.vegadeyuco.com\/fr\/producto\/riscos-de-famara-blanc-sec\/#breadcrumb"},"inLanguage":"fr-FR","potentialAction":[{"@type":"ReadAction","target":["https:\/\/www.vegadeyuco.com\/fr\/producto\/riscos-de-famara-blanc-sec\/"]}]},{"@type":"ImageObject","inLanguage":"fr-FR","@id":"https:\/\/www.vegadeyuco.com\/fr\/producto\/riscos-de-famara-blanc-sec\/#primaryimage","url":"https:\/\/www.vegadeyuco.com\/wp-content\/uploads\/2019\/11\/Famara-Blanco-seco.png","contentUrl":"https:\/\/www.vegadeyuco.com\/wp-content\/uploads\/2019\/11\/Famara-Blanco-seco.png","width":1000,"height":1000},{"@type":"BreadcrumbList","@id":"https:\/\/www.vegadeyuco.com\/fr\/producto\/riscos-de-famara-blanc-sec\/#breadcrumb","itemListElement":[{"@type":"ListItem","position":1,"name":"Portada","item":"https:\/\/www.vegadeyuco.com\/fr\/vega-de-yuco-cave-a-vin-a-lanzarote\/"},{"@type":"ListItem","position":2,"name":"Boutique","item":"https:\/\/www.vegadeyuco.com\/fr\/boutique\/"},{"@type":"ListItem","position":3,"name":"Riscos de Famara Blanc sec"}]},{"@type":"WebSite","@id":"https:\/\/www.vegadeyuco.com\/fr\/#website","url":"https:\/\/www.vegadeyuco.com\/fr\/","name":"Vega de Yuco","description":"Bodegas y Vi\u00f1edos Vega de Yuco en Lanzarote, una bodega tradicional Canaria que destila autenticidad e innovaci\u00f3n. ","publisher":{"@id":"https:\/\/www.vegadeyuco.com\/fr\/#organization"},"potentialAction":[{"@type":"SearchAction","target":{"@type":"EntryPoint","urlTemplate":"https:\/\/www.vegadeyuco.com\/fr\/?s={search_term_string}"},"query-input":{"@type":"PropertyValueSpecification","valueRequired":true,"valueName":"search_term_string"}}],"inLanguage":"fr-FR"},{"@type":"Organization","@id":"https:\/\/www.vegadeyuco.com\/fr\/#organization","name":"Bodegas Vega de Yuco","url":"https:\/\/www.vegadeyuco.com\/fr\/","logo":{"@type":"ImageObject","inLanguage":"fr-FR","@id":"https:\/\/www.vegadeyuco.com\/fr\/#\/schema\/logo\/image\/","url":"https:\/\/www.vegadeyuco.com\/wp-content\/uploads\/2020\/01\/LOGO_VEGADEYUCO_cabecera_pedidos.png","contentUrl":"https:\/\/www.vegadeyuco.com\/wp-content\/uploads\/2020\/01\/LOGO_VEGADEYUCO_cabecera_pedidos.png","width":250,"height":150,"caption":"Bodegas Vega de Yuco"},"image":{"@id":"https:\/\/www.vegadeyuco.com\/fr\/#\/schema\/logo\/image\/"},"sameAs":["https:\/\/www.facebook.com\/vegadeyuco","https:\/\/www.instagram.com\/vegadeyuco\/","https:\/\/www.youtube.com\/channel\/UCmDMkmxMCvbSXTLTAs3DM7A"]}]}},"post_mailing_queue_ids":[],"_links":{"self":[{"href":"https:\/\/www.vegadeyuco.com\/fr\/wp-json\/wp\/v2\/product\/27481","targetHints":{"allow":["GET"]}}],"collection":[{"href":"https:\/\/www.vegadeyuco.com\/fr\/wp-json\/wp\/v2\/product"}],"about":[{"href":"https:\/\/www.vegadeyuco.com\/fr\/wp-json\/wp\/v2\/types\/product"}],"version-history":[{"count":0,"href":"https:\/\/www.vegadeyuco.com\/fr\/wp-json\/wp\/v2\/product\/27481\/revisions"}],"wp:featuredmedia":[{"embeddable":true,"href":"https:\/\/www.vegadeyuco.com\/fr\/wp-json\/wp\/v2\/media\/22105"}],"wp:attachment":[{"href":"https:\/\/www.vegadeyuco.com\/fr\/wp-json\/wp\/v2\/media?parent=27481"}],"wp:term":[{"taxonomy":"product_brand","embeddable":true,"href":"https:\/\/www.vegadeyuco.com\/fr\/wp-json\/wp\/v2\/product_brand?post=27481"},{"taxonomy":"product_cat","embeddable":true,"href":"https:\/\/www.vegadeyuco.com\/fr\/wp-json\/wp\/v2\/product_cat?post=27481"},{"taxonomy":"product_tag","embeddable":true,"href":"https:\/\/www.vegadeyuco.com\/fr\/wp-json\/wp\/v2\/product_tag?post=27481"}],"curies":[{"name":"wp","href":"https:\/\/api.w.org\/{rel}","templated":true}]}}