{"id":27495,"date":"2025-05-17T11:41:58","date_gmt":"2025-05-17T10:41:58","guid":{"rendered":"https:\/\/www.vegadeyuco.com\/producto\/da-ch-rose\/"},"modified":"2025-05-17T11:41:58","modified_gmt":"2025-05-17T10:41:58","slug":"da-ch-rose","status":"publish","type":"product","link":"https:\/\/www.vegadeyuco.com\/fr\/producto\/da-ch-rose\/","title":{"rendered":"+ DA CH Ros\u00e9"},"content":{"rendered":"<p>Un vin frais, vif, tr\u00e8s intense et d&rsquo;une belle couleur, notre interpr\u00e9tation des vins verts portugais. Un vin qui ravira les consommateurs les plus jeunes et les plus curieux. <\/p>\n<p><span style=\"color: #0100a3;\">Couleur<\/span><br \/>\nRobe rose am\u00e9thyste, vive, limpide et brillante, avec de fines bulles discr\u00e8tes.<\/p>\n<p><span style=\"color: #0100a3;\">Nez<\/span><br \/>\nAr\u00f4mes frais de fruits rouges, notamment de fraise et de cerise.<\/p>\n<p><span style=\"color: #0100a3;\">Bouche<\/span><br \/>\nAttaque gourmande et p\u00e9tillante, cr\u00e9meuse et rafra\u00eechissante \u00e0 la fois.<\/p>\n<p><em>* Allerg\u00e8nes : contient des sulfites.<\/em><\/p>\n","protected":false},"excerpt":{"rendered":"<p>Un vin frais, vif, tr\u00e8s intense et d&rsquo;une belle couleur, notre interpr\u00e9tation des vins verts portugais. Un vin qui ravira les consommateurs les plus jeunes et les plus curieux. <\/p>\n<p><a href=\"https:\/\/www.vegadeyuco.com\/wp-content\/uploads\/2022\/02\/dch_rosado_semidulce-min.pdf\" target=\"_blank\" rel=\"noopener\">Voir la fiche de d\u00e9gustation<\/a><\/p>\n","protected":false},"featured_media":22115,"template":"","meta":[],"product_brand":[],"product_cat":[353,352,338,339],"product_tag":[],"class_list":{"0":"post-27495","1":"product","2":"type-product","3":"status-publish","4":"has-post-thumbnail","6":"product_cat-da-ch","7":"product_cat-amusant","8":"product_cat-rose","9":"product_cat-can","10":"product_shipping_class-seulement-les-canaries","12":"first","13":"instock","14":"shipping-taxable","15":"purchasable","16":"product-type-simple"},"yoast_head":"<!-- This site is optimized with the Yoast SEO plugin v26.8 - https:\/\/yoast.com\/product\/yoast-seo-wordpress\/ -->\n<title>+ DA CH Ros\u00e9 &#8226; Vega de Yuco<\/title>\n<meta name=\"description\" content=\"Un vin frais de Lanzarote, vif, intense et d&#039;une belle couleur, notre interpr\u00e9tation des vins verts portugais.\" \/>\n<meta name=\"robots\" content=\"index, follow, max-snippet:-1, max-image-preview:large, max-video-preview:-1\" \/>\n<link rel=\"canonical\" href=\"https:\/\/www.vegadeyuco.com\/fr\/producto\/da-ch-rose\/\" \/>\n<meta property=\"og:locale\" content=\"fr_FR\" \/>\n<meta property=\"og:type\" content=\"article\" \/>\n<meta property=\"og:title\" content=\"+ DA CH Ros\u00e9 &#8226; Vega de Yuco\" \/>\n<meta property=\"og:description\" content=\"Un vin frais de Lanzarote, vif, intense et d&#039;une belle couleur, notre interpr\u00e9tation des vins verts portugais.\" \/>\n<meta property=\"og:url\" content=\"https:\/\/www.vegadeyuco.com\/fr\/producto\/da-ch-rose\/\" \/>\n<meta property=\"og:site_name\" content=\"Vega de Yuco\" \/>\n<meta property=\"article:publisher\" content=\"https:\/\/www.facebook.com\/vegadeyuco\" \/>\n<meta property=\"og:image\" content=\"https:\/\/www.vegadeyuco.com\/wp-content\/uploads\/2020\/11\/Dach-divertido-rosado.png\" \/>\n\t<meta property=\"og:image:width\" content=\"1000\" \/>\n\t<meta property=\"og:image:height\" content=\"1000\" \/>\n\t<meta property=\"og:image:type\" content=\"image\/png\" \/>\n<meta name=\"twitter:card\" content=\"summary_large_image\" \/>\n<script type=\"application\/ld+json\" class=\"yoast-schema-graph\">{\"@context\":\"https:\/\/schema.org\",\"@graph\":[{\"@type\":\"WebPage\",\"@id\":\"https:\/\/www.vegadeyuco.com\/fr\/producto\/da-ch-rose\/\",\"url\":\"https:\/\/www.vegadeyuco.com\/fr\/producto\/da-ch-rose\/\",\"name\":\"+ DA CH Ros\u00e9 &#8226; Vega de Yuco\",\"isPartOf\":{\"@id\":\"https:\/\/www.vegadeyuco.com\/fr\/#website\"},\"primaryImageOfPage\":{\"@id\":\"https:\/\/www.vegadeyuco.com\/fr\/producto\/da-ch-rose\/#primaryimage\"},\"image\":{\"@id\":\"https:\/\/www.vegadeyuco.com\/fr\/producto\/da-ch-rose\/#primaryimage\"},\"thumbnailUrl\":\"https:\/\/www.vegadeyuco.com\/wp-content\/uploads\/2020\/11\/Dach-divertido-rosado.png\",\"datePublished\":\"2025-05-17T10:41:58+00:00\",\"description\":\"Un vin frais de Lanzarote, vif, intense et d'une belle couleur, notre interpr\u00e9tation des vins verts portugais.\",\"breadcrumb\":{\"@id\":\"https:\/\/www.vegadeyuco.com\/fr\/producto\/da-ch-rose\/#breadcrumb\"},\"inLanguage\":\"fr-FR\",\"potentialAction\":[{\"@type\":\"ReadAction\",\"target\":[\"https:\/\/www.vegadeyuco.com\/fr\/producto\/da-ch-rose\/\"]}]},{\"@type\":\"ImageObject\",\"inLanguage\":\"fr-FR\",\"@id\":\"https:\/\/www.vegadeyuco.com\/fr\/producto\/da-ch-rose\/#primaryimage\",\"url\":\"https:\/\/www.vegadeyuco.com\/wp-content\/uploads\/2020\/11\/Dach-divertido-rosado.png\",\"contentUrl\":\"https:\/\/www.vegadeyuco.com\/wp-content\/uploads\/2020\/11\/Dach-divertido-rosado.png\",\"width\":1000,\"height\":1000},{\"@type\":\"BreadcrumbList\",\"@id\":\"https:\/\/www.vegadeyuco.com\/fr\/producto\/da-ch-rose\/#breadcrumb\",\"itemListElement\":[{\"@type\":\"ListItem\",\"position\":1,\"name\":\"Portada\",\"item\":\"https:\/\/www.vegadeyuco.com\/fr\/vega-de-yuco-cave-a-vin-a-lanzarote\/\"},{\"@type\":\"ListItem\",\"position\":2,\"name\":\"Boutique\",\"item\":\"https:\/\/www.vegadeyuco.com\/fr\/boutique\/\"},{\"@type\":\"ListItem\",\"position\":3,\"name\":\"+ DA CH Ros\u00e9\"}]},{\"@type\":\"WebSite\",\"@id\":\"https:\/\/www.vegadeyuco.com\/fr\/#website\",\"url\":\"https:\/\/www.vegadeyuco.com\/fr\/\",\"name\":\"Vega de Yuco\",\"description\":\"Bodegas y Vi\u00f1edos Vega de Yuco en Lanzarote, una bodega tradicional Canaria que destila autenticidad e innovaci\u00f3n. \",\"publisher\":{\"@id\":\"https:\/\/www.vegadeyuco.com\/fr\/#organization\"},\"potentialAction\":[{\"@type\":\"SearchAction\",\"target\":{\"@type\":\"EntryPoint\",\"urlTemplate\":\"https:\/\/www.vegadeyuco.com\/fr\/?s={search_term_string}\"},\"query-input\":{\"@type\":\"PropertyValueSpecification\",\"valueRequired\":true,\"valueName\":\"search_term_string\"}}],\"inLanguage\":\"fr-FR\"},{\"@type\":\"Organization\",\"@id\":\"https:\/\/www.vegadeyuco.com\/fr\/#organization\",\"name\":\"Bodegas Vega de Yuco\",\"url\":\"https:\/\/www.vegadeyuco.com\/fr\/\",\"logo\":{\"@type\":\"ImageObject\",\"inLanguage\":\"fr-FR\",\"@id\":\"https:\/\/www.vegadeyuco.com\/fr\/#\/schema\/logo\/image\/\",\"url\":\"https:\/\/www.vegadeyuco.com\/wp-content\/uploads\/2020\/01\/LOGO_VEGADEYUCO_cabecera_pedidos.png\",\"contentUrl\":\"https:\/\/www.vegadeyuco.com\/wp-content\/uploads\/2020\/01\/LOGO_VEGADEYUCO_cabecera_pedidos.png\",\"width\":250,\"height\":150,\"caption\":\"Bodegas Vega de Yuco\"},\"image\":{\"@id\":\"https:\/\/www.vegadeyuco.com\/fr\/#\/schema\/logo\/image\/\"},\"sameAs\":[\"https:\/\/www.facebook.com\/vegadeyuco\",\"https:\/\/www.instagram.com\/vegadeyuco\/\",\"https:\/\/www.youtube.com\/channel\/UCmDMkmxMCvbSXTLTAs3DM7A\"]}]}<\/script>\n<!-- \/ Yoast SEO plugin. -->","yoast_head_json":{"title":"+ DA CH Ros\u00e9 &#8226; Vega de Yuco","description":"Un vin frais de Lanzarote, vif, intense et d'une belle couleur, notre interpr\u00e9tation des vins verts portugais.","robots":{"index":"index","follow":"follow","max-snippet":"max-snippet:-1","max-image-preview":"max-image-preview:large","max-video-preview":"max-video-preview:-1"},"canonical":"https:\/\/www.vegadeyuco.com\/fr\/producto\/da-ch-rose\/","og_locale":"fr_FR","og_type":"article","og_title":"+ DA CH Ros\u00e9 &#8226; Vega de Yuco","og_description":"Un vin frais de Lanzarote, vif, intense et d'une belle couleur, notre interpr\u00e9tation des vins verts portugais.","og_url":"https:\/\/www.vegadeyuco.com\/fr\/producto\/da-ch-rose\/","og_site_name":"Vega de Yuco","article_publisher":"https:\/\/www.facebook.com\/vegadeyuco","og_image":[{"width":1000,"height":1000,"url":"https:\/\/www.vegadeyuco.com\/wp-content\/uploads\/2020\/11\/Dach-divertido-rosado.png","type":"image\/png"}],"twitter_card":"summary_large_image","schema":{"@context":"https:\/\/schema.org","@graph":[{"@type":"WebPage","@id":"https:\/\/www.vegadeyuco.com\/fr\/producto\/da-ch-rose\/","url":"https:\/\/www.vegadeyuco.com\/fr\/producto\/da-ch-rose\/","name":"+ DA CH Ros\u00e9 &#8226; Vega de Yuco","isPartOf":{"@id":"https:\/\/www.vegadeyuco.com\/fr\/#website"},"primaryImageOfPage":{"@id":"https:\/\/www.vegadeyuco.com\/fr\/producto\/da-ch-rose\/#primaryimage"},"image":{"@id":"https:\/\/www.vegadeyuco.com\/fr\/producto\/da-ch-rose\/#primaryimage"},"thumbnailUrl":"https:\/\/www.vegadeyuco.com\/wp-content\/uploads\/2020\/11\/Dach-divertido-rosado.png","datePublished":"2025-05-17T10:41:58+00:00","description":"Un vin frais de Lanzarote, vif, intense et d'une belle couleur, notre interpr\u00e9tation des vins verts portugais.","breadcrumb":{"@id":"https:\/\/www.vegadeyuco.com\/fr\/producto\/da-ch-rose\/#breadcrumb"},"inLanguage":"fr-FR","potentialAction":[{"@type":"ReadAction","target":["https:\/\/www.vegadeyuco.com\/fr\/producto\/da-ch-rose\/"]}]},{"@type":"ImageObject","inLanguage":"fr-FR","@id":"https:\/\/www.vegadeyuco.com\/fr\/producto\/da-ch-rose\/#primaryimage","url":"https:\/\/www.vegadeyuco.com\/wp-content\/uploads\/2020\/11\/Dach-divertido-rosado.png","contentUrl":"https:\/\/www.vegadeyuco.com\/wp-content\/uploads\/2020\/11\/Dach-divertido-rosado.png","width":1000,"height":1000},{"@type":"BreadcrumbList","@id":"https:\/\/www.vegadeyuco.com\/fr\/producto\/da-ch-rose\/#breadcrumb","itemListElement":[{"@type":"ListItem","position":1,"name":"Portada","item":"https:\/\/www.vegadeyuco.com\/fr\/vega-de-yuco-cave-a-vin-a-lanzarote\/"},{"@type":"ListItem","position":2,"name":"Boutique","item":"https:\/\/www.vegadeyuco.com\/fr\/boutique\/"},{"@type":"ListItem","position":3,"name":"+ DA CH Ros\u00e9"}]},{"@type":"WebSite","@id":"https:\/\/www.vegadeyuco.com\/fr\/#website","url":"https:\/\/www.vegadeyuco.com\/fr\/","name":"Vega de Yuco","description":"Bodegas y Vi\u00f1edos Vega de Yuco en Lanzarote, una bodega tradicional Canaria que destila autenticidad e innovaci\u00f3n. ","publisher":{"@id":"https:\/\/www.vegadeyuco.com\/fr\/#organization"},"potentialAction":[{"@type":"SearchAction","target":{"@type":"EntryPoint","urlTemplate":"https:\/\/www.vegadeyuco.com\/fr\/?s={search_term_string}"},"query-input":{"@type":"PropertyValueSpecification","valueRequired":true,"valueName":"search_term_string"}}],"inLanguage":"fr-FR"},{"@type":"Organization","@id":"https:\/\/www.vegadeyuco.com\/fr\/#organization","name":"Bodegas Vega de Yuco","url":"https:\/\/www.vegadeyuco.com\/fr\/","logo":{"@type":"ImageObject","inLanguage":"fr-FR","@id":"https:\/\/www.vegadeyuco.com\/fr\/#\/schema\/logo\/image\/","url":"https:\/\/www.vegadeyuco.com\/wp-content\/uploads\/2020\/01\/LOGO_VEGADEYUCO_cabecera_pedidos.png","contentUrl":"https:\/\/www.vegadeyuco.com\/wp-content\/uploads\/2020\/01\/LOGO_VEGADEYUCO_cabecera_pedidos.png","width":250,"height":150,"caption":"Bodegas Vega de Yuco"},"image":{"@id":"https:\/\/www.vegadeyuco.com\/fr\/#\/schema\/logo\/image\/"},"sameAs":["https:\/\/www.facebook.com\/vegadeyuco","https:\/\/www.instagram.com\/vegadeyuco\/","https:\/\/www.youtube.com\/channel\/UCmDMkmxMCvbSXTLTAs3DM7A"]}]}},"post_mailing_queue_ids":[],"_links":{"self":[{"href":"https:\/\/www.vegadeyuco.com\/fr\/wp-json\/wp\/v2\/product\/27495","targetHints":{"allow":["GET"]}}],"collection":[{"href":"https:\/\/www.vegadeyuco.com\/fr\/wp-json\/wp\/v2\/product"}],"about":[{"href":"https:\/\/www.vegadeyuco.com\/fr\/wp-json\/wp\/v2\/types\/product"}],"version-history":[{"count":0,"href":"https:\/\/www.vegadeyuco.com\/fr\/wp-json\/wp\/v2\/product\/27495\/revisions"}],"wp:featuredmedia":[{"embeddable":true,"href":"https:\/\/www.vegadeyuco.com\/fr\/wp-json\/wp\/v2\/media\/22115"}],"wp:attachment":[{"href":"https:\/\/www.vegadeyuco.com\/fr\/wp-json\/wp\/v2\/media?parent=27495"}],"wp:term":[{"taxonomy":"product_brand","embeddable":true,"href":"https:\/\/www.vegadeyuco.com\/fr\/wp-json\/wp\/v2\/product_brand?post=27495"},{"taxonomy":"product_cat","embeddable":true,"href":"https:\/\/www.vegadeyuco.com\/fr\/wp-json\/wp\/v2\/product_cat?post=27495"},{"taxonomy":"product_tag","embeddable":true,"href":"https:\/\/www.vegadeyuco.com\/fr\/wp-json\/wp\/v2\/product_tag?post=27495"}],"curies":[{"name":"wp","href":"https:\/\/api.w.org\/{rel}","templated":true}]}}