{"id":27500,"date":"2025-05-16T13:23:32","date_gmt":"2025-05-16T12:23:32","guid":{"rendered":"https:\/\/www.vegadeyuco.com\/producto\/dyuco-ancestral\/"},"modified":"2025-05-16T13:23:32","modified_gmt":"2025-05-16T12:23:32","slug":"dyuco-ancestral","status":"publish","type":"product","link":"https:\/\/www.vegadeyuco.com\/fr\/producto\/dyuco-ancestral\/","title":{"rendered":"D&rsquo;Yuco Ancestral"},"content":{"rendered":"<p><span style=\"color: #0100a3;\">Couleur<\/span><br \/>\nVin mousseux pr\u00e9sentant un aspect trouble non filtr\u00e9. De couleur jaune p\u00e2le. <\/p>\n<p><span style=\"color: #0100a3;\">Nez<\/span><br \/>\nBonne intensit\u00e9 aromatique, marqu\u00e9e \u00e0 tout moment par des notes de fruits blancs frais, comme la pomme ou la poire, sur un large fond de litchi et de n\u00e8fle m\u00fbre. Nez tr\u00e8s net et frais. <\/p>\n<p><span style=\"color: #0100a3;\">Bouche<\/span><br \/>\nNous appr\u00e9cions une attaque douce, avec une acidit\u00e9 bien int\u00e9gr\u00e9e, suave et agr\u00e9able, ainsi qu&rsquo;une bulle fine, tr\u00e8s agr\u00e9able, qui apporte un volume discret.<\/p>\n<p><em>* Allerg\u00e8nes : contient des sulfites.<\/em><\/p>\n<p>&nbsp;<\/p>\n<hr>\n<p>&nbsp;<\/p>\n<p><strong>Accords mets-vins<\/strong><\/p>\n<p>C&rsquo;est un vin parfait pour tous les types d&rsquo;entr\u00e9es froides et de tapas. Il se marie tr\u00e8s bien avec des plats tels que les cocktails de crevettes, les carpaccios, les p\u00e2t\u00e9s, les salades ou les sushis. Il est \u00e9galement id\u00e9al pour accompagner les poissons et les fruits de mer, tels que les tatakis, le poulpe grill\u00e9, les hu\u00eetres et m\u00eame tous les types de l\u00e9gumes, les produits fum\u00e9s et les fromages, jusqu&rsquo;aux desserts.  <\/p>\n","protected":false},"excerpt":{"rendered":"<div><span style=\"color: #000080;\"><em>Nouveau ! <\/em><\/span><\/div>\n<div><\/div>\n<div class=\"elementor-element-overlay\"><span class=\"OYPEnA text-decoration-none text-strikethrough-none\">Ce vin mousseux Ancestral est \u00e9labor\u00e9 \u00e0 partir de c\u00e9pages autochtones, volcaniques et centenaires de List\u00e1n Blanco de Lanzarote. Un vin naturel, non filtr\u00e9. Joyeux, frais, \u00e9l\u00e9gant et aux bulles fines, il repr\u00e9sente le c\u00f4t\u00e9 le plus authentique de la viticulture traditionnelle de notre \u00eele.  <\/span><\/div>\n<div class=\"elementor-column-wrap elementor-element-populated\">\n<div class=\"elementor-widget-wrap ui-sortable\">\n<div class=\"elementor-element elementor-element-edit-mode elementor-element-4bd66e4f elementor-element--toggle-edit-tools elementor-widget elementor-widget-text-editor\" data-id=\"4bd66e4f\" data-element_type=\"widget\" data-model-cid=\"c34\" data-widget_type=\"text-editor.default\">\n<div class=\"elementor-widget-container\">\n<div class=\"elementor-text-editor elementor-clearfix elementor-inline-editing\" data-elementor-setting-key=\"editor\" data-elementor-inline-editing-toolbar=\"advanced\">\n<p class=\"cvGsUA direction-ltr align-justify para-style-body\"><span class=\"OYPEnA text-decoration-none text-strikethrough-none\">Sa vinification est r\u00e9alis\u00e9e selon la m\u00e9thode ancestrale, caract\u00e9ris\u00e9e par une seule fermentation, avec un \u00e9levage en bouteille sur ses lies fines pendant au moins 9 mois.<\/span><\/p>\n<p class=\"cvGsUA direction-ltr align-justify para-style-body\"><span class=\"OYPEnA text-decoration-none text-strikethrough-none\">Cette vari\u00e9t\u00e9 pr\u00e9phyllox\u00e9rique est issue du plus ancien h\u00e9ritage des \u00eeles Canaries. Ses raisins sont cultiv\u00e9s sur pied franc, adapt\u00e9s \u00e0 diff\u00e9rentes zones de culture et altitudes de l&rsquo;\u00eele. <\/span><\/p>\n<p class=\"cvGsUA direction-ltr align-justify para-style-body\"><span class=\"OYPEnA text-decoration-none text-strikethrough-none\">C&rsquo;est le nouveau pari de Bodegas Vega de Yuco pour innover, pr\u00e9server et mettre en valeur<\/span> <span class=\"OYPEnA text-decoration-none text-strikethrough-none\">le riche patrimoine viticole de Lanzarote.<\/span><\/p>\n<p class=\"cvGsUA direction-ltr align-end para-style-body\"><strong>*<span class=\"OYPEnA text-decoration-none text-strikethrough-none\">Production limit\u00e9e<\/span> : <span class=\"OYPEnA text-decoration-none text-strikethrough-none\">2 000 bouteilles<\/span><\/strong><\/p>\n<\/div>\n<\/div>\n<\/div>\n<\/div>\n<\/div>\n<p><span class=\"OYPEnA text-decoration-none text-strikethrough-none\"> <\/span><em><strong>Disponible uniquement pour les \u00eeles Canaries<\/strong><\/em><\/p>\n<p><a href=\"https:\/\/www.vegadeyuco.com\/wp-content\/uploads\/2024\/06\/Ficha-de-Cata-DYuco-Ancestral-2.pdf\" target=\"_blank\" rel=\"noopener\">Voir la fiche de d\u00e9gustation<\/a><\/p>\n","protected":false},"featured_media":22108,"template":"","meta":[],"product_brand":[],"product_cat":[343,355,339],"product_tag":[],"class_list":{"0":"post-27500","1":"product","2":"type-product","3":"status-publish","4":"has-post-thumbnail","6":"product_cat-blanc-sec","7":"product_cat-mousseux","8":"product_cat-can","9":"product_shipping_class-seulement-les-canaries","11":"first","12":"instock","13":"shipping-taxable","14":"purchasable","15":"product-type-simple"},"yoast_head":"<!-- This site is optimized with the Yoast SEO plugin v26.8 - https:\/\/yoast.com\/product\/yoast-seo-wordpress\/ -->\n<title>D&#039;Yuco Ancestral &#8226; Vega de Yuco<\/title>\n<meta name=\"description\" content=\"Un vin naturel issu du c\u00e9page List\u00e1n Blanco de Lanzarote, non filtr\u00e9. Joyeux, frais, \u00e9l\u00e9gant et aux bulles fines.\" \/>\n<meta name=\"robots\" content=\"index, follow, max-snippet:-1, max-image-preview:large, max-video-preview:-1\" \/>\n<link rel=\"canonical\" href=\"https:\/\/www.vegadeyuco.com\/fr\/producto\/dyuco-ancestral\/\" \/>\n<meta property=\"og:locale\" content=\"fr_FR\" \/>\n<meta property=\"og:type\" content=\"article\" \/>\n<meta property=\"og:title\" content=\"D&#039;Yuco Ancestral &#8226; Vega de Yuco\" \/>\n<meta property=\"og:description\" content=\"Un vin naturel issu du c\u00e9page List\u00e1n Blanco de Lanzarote, non filtr\u00e9. Joyeux, frais, \u00e9l\u00e9gant et aux bulles fines.\" \/>\n<meta property=\"og:url\" content=\"https:\/\/www.vegadeyuco.com\/fr\/producto\/dyuco-ancestral\/\" \/>\n<meta property=\"og:site_name\" content=\"Vega de Yuco\" \/>\n<meta property=\"article:publisher\" content=\"https:\/\/www.facebook.com\/vegadeyuco\" \/>\n<meta property=\"og:image\" content=\"https:\/\/www.vegadeyuco.com\/wp-content\/uploads\/2024\/06\/Yuco-Ancestral.png\" \/>\n\t<meta property=\"og:image:width\" content=\"1000\" \/>\n\t<meta property=\"og:image:height\" content=\"1000\" \/>\n\t<meta property=\"og:image:type\" content=\"image\/png\" \/>\n<meta name=\"twitter:card\" content=\"summary_large_image\" \/>\n<meta name=\"twitter:label1\" content=\"Dur\u00e9e de lecture estim\u00e9e\" \/>\n\t<meta name=\"twitter:data1\" content=\"1 minute\" \/>\n<script type=\"application\/ld+json\" class=\"yoast-schema-graph\">{\"@context\":\"https:\/\/schema.org\",\"@graph\":[{\"@type\":\"WebPage\",\"@id\":\"https:\/\/www.vegadeyuco.com\/fr\/producto\/dyuco-ancestral\/\",\"url\":\"https:\/\/www.vegadeyuco.com\/fr\/producto\/dyuco-ancestral\/\",\"name\":\"D'Yuco Ancestral &#8226; Vega de Yuco\",\"isPartOf\":{\"@id\":\"https:\/\/www.vegadeyuco.com\/fr\/#website\"},\"primaryImageOfPage\":{\"@id\":\"https:\/\/www.vegadeyuco.com\/fr\/producto\/dyuco-ancestral\/#primaryimage\"},\"image\":{\"@id\":\"https:\/\/www.vegadeyuco.com\/fr\/producto\/dyuco-ancestral\/#primaryimage\"},\"thumbnailUrl\":\"https:\/\/www.vegadeyuco.com\/wp-content\/uploads\/2024\/06\/Yuco-Ancestral.png\",\"datePublished\":\"2025-05-16T12:23:32+00:00\",\"description\":\"Un vin naturel issu du c\u00e9page List\u00e1n Blanco de Lanzarote, non filtr\u00e9. Joyeux, frais, \u00e9l\u00e9gant et aux bulles fines.\",\"breadcrumb\":{\"@id\":\"https:\/\/www.vegadeyuco.com\/fr\/producto\/dyuco-ancestral\/#breadcrumb\"},\"inLanguage\":\"fr-FR\",\"potentialAction\":[{\"@type\":\"ReadAction\",\"target\":[\"https:\/\/www.vegadeyuco.com\/fr\/producto\/dyuco-ancestral\/\"]}]},{\"@type\":\"ImageObject\",\"inLanguage\":\"fr-FR\",\"@id\":\"https:\/\/www.vegadeyuco.com\/fr\/producto\/dyuco-ancestral\/#primaryimage\",\"url\":\"https:\/\/www.vegadeyuco.com\/wp-content\/uploads\/2024\/06\/Yuco-Ancestral.png\",\"contentUrl\":\"https:\/\/www.vegadeyuco.com\/wp-content\/uploads\/2024\/06\/Yuco-Ancestral.png\",\"width\":1000,\"height\":1000},{\"@type\":\"BreadcrumbList\",\"@id\":\"https:\/\/www.vegadeyuco.com\/fr\/producto\/dyuco-ancestral\/#breadcrumb\",\"itemListElement\":[{\"@type\":\"ListItem\",\"position\":1,\"name\":\"Portada\",\"item\":\"https:\/\/www.vegadeyuco.com\/fr\/vega-de-yuco-cave-a-vin-a-lanzarote\/\"},{\"@type\":\"ListItem\",\"position\":2,\"name\":\"Boutique\",\"item\":\"https:\/\/www.vegadeyuco.com\/fr\/boutique\/\"},{\"@type\":\"ListItem\",\"position\":3,\"name\":\"D&rsquo;Yuco Ancestral\"}]},{\"@type\":\"WebSite\",\"@id\":\"https:\/\/www.vegadeyuco.com\/fr\/#website\",\"url\":\"https:\/\/www.vegadeyuco.com\/fr\/\",\"name\":\"Vega de Yuco\",\"description\":\"Bodegas y Vi\u00f1edos Vega de Yuco en Lanzarote, una bodega tradicional Canaria que destila autenticidad e innovaci\u00f3n. \",\"publisher\":{\"@id\":\"https:\/\/www.vegadeyuco.com\/fr\/#organization\"},\"potentialAction\":[{\"@type\":\"SearchAction\",\"target\":{\"@type\":\"EntryPoint\",\"urlTemplate\":\"https:\/\/www.vegadeyuco.com\/fr\/?s={search_term_string}\"},\"query-input\":{\"@type\":\"PropertyValueSpecification\",\"valueRequired\":true,\"valueName\":\"search_term_string\"}}],\"inLanguage\":\"fr-FR\"},{\"@type\":\"Organization\",\"@id\":\"https:\/\/www.vegadeyuco.com\/fr\/#organization\",\"name\":\"Bodegas Vega de Yuco\",\"url\":\"https:\/\/www.vegadeyuco.com\/fr\/\",\"logo\":{\"@type\":\"ImageObject\",\"inLanguage\":\"fr-FR\",\"@id\":\"https:\/\/www.vegadeyuco.com\/fr\/#\/schema\/logo\/image\/\",\"url\":\"https:\/\/www.vegadeyuco.com\/wp-content\/uploads\/2020\/01\/LOGO_VEGADEYUCO_cabecera_pedidos.png\",\"contentUrl\":\"https:\/\/www.vegadeyuco.com\/wp-content\/uploads\/2020\/01\/LOGO_VEGADEYUCO_cabecera_pedidos.png\",\"width\":250,\"height\":150,\"caption\":\"Bodegas Vega de Yuco\"},\"image\":{\"@id\":\"https:\/\/www.vegadeyuco.com\/fr\/#\/schema\/logo\/image\/\"},\"sameAs\":[\"https:\/\/www.facebook.com\/vegadeyuco\",\"https:\/\/www.instagram.com\/vegadeyuco\/\",\"https:\/\/www.youtube.com\/channel\/UCmDMkmxMCvbSXTLTAs3DM7A\"]}]}<\/script>\n<!-- \/ Yoast SEO plugin. -->","yoast_head_json":{"title":"D'Yuco Ancestral &#8226; Vega de Yuco","description":"Un vin naturel issu du c\u00e9page List\u00e1n Blanco de Lanzarote, non filtr\u00e9. Joyeux, frais, \u00e9l\u00e9gant et aux bulles fines.","robots":{"index":"index","follow":"follow","max-snippet":"max-snippet:-1","max-image-preview":"max-image-preview:large","max-video-preview":"max-video-preview:-1"},"canonical":"https:\/\/www.vegadeyuco.com\/fr\/producto\/dyuco-ancestral\/","og_locale":"fr_FR","og_type":"article","og_title":"D'Yuco Ancestral &#8226; Vega de Yuco","og_description":"Un vin naturel issu du c\u00e9page List\u00e1n Blanco de Lanzarote, non filtr\u00e9. Joyeux, frais, \u00e9l\u00e9gant et aux bulles fines.","og_url":"https:\/\/www.vegadeyuco.com\/fr\/producto\/dyuco-ancestral\/","og_site_name":"Vega de Yuco","article_publisher":"https:\/\/www.facebook.com\/vegadeyuco","og_image":[{"width":1000,"height":1000,"url":"https:\/\/www.vegadeyuco.com\/wp-content\/uploads\/2024\/06\/Yuco-Ancestral.png","type":"image\/png"}],"twitter_card":"summary_large_image","twitter_misc":{"Dur\u00e9e de lecture estim\u00e9e":"1 minute"},"schema":{"@context":"https:\/\/schema.org","@graph":[{"@type":"WebPage","@id":"https:\/\/www.vegadeyuco.com\/fr\/producto\/dyuco-ancestral\/","url":"https:\/\/www.vegadeyuco.com\/fr\/producto\/dyuco-ancestral\/","name":"D'Yuco Ancestral &#8226; Vega de Yuco","isPartOf":{"@id":"https:\/\/www.vegadeyuco.com\/fr\/#website"},"primaryImageOfPage":{"@id":"https:\/\/www.vegadeyuco.com\/fr\/producto\/dyuco-ancestral\/#primaryimage"},"image":{"@id":"https:\/\/www.vegadeyuco.com\/fr\/producto\/dyuco-ancestral\/#primaryimage"},"thumbnailUrl":"https:\/\/www.vegadeyuco.com\/wp-content\/uploads\/2024\/06\/Yuco-Ancestral.png","datePublished":"2025-05-16T12:23:32+00:00","description":"Un vin naturel issu du c\u00e9page List\u00e1n Blanco de Lanzarote, non filtr\u00e9. Joyeux, frais, \u00e9l\u00e9gant et aux bulles fines.","breadcrumb":{"@id":"https:\/\/www.vegadeyuco.com\/fr\/producto\/dyuco-ancestral\/#breadcrumb"},"inLanguage":"fr-FR","potentialAction":[{"@type":"ReadAction","target":["https:\/\/www.vegadeyuco.com\/fr\/producto\/dyuco-ancestral\/"]}]},{"@type":"ImageObject","inLanguage":"fr-FR","@id":"https:\/\/www.vegadeyuco.com\/fr\/producto\/dyuco-ancestral\/#primaryimage","url":"https:\/\/www.vegadeyuco.com\/wp-content\/uploads\/2024\/06\/Yuco-Ancestral.png","contentUrl":"https:\/\/www.vegadeyuco.com\/wp-content\/uploads\/2024\/06\/Yuco-Ancestral.png","width":1000,"height":1000},{"@type":"BreadcrumbList","@id":"https:\/\/www.vegadeyuco.com\/fr\/producto\/dyuco-ancestral\/#breadcrumb","itemListElement":[{"@type":"ListItem","position":1,"name":"Portada","item":"https:\/\/www.vegadeyuco.com\/fr\/vega-de-yuco-cave-a-vin-a-lanzarote\/"},{"@type":"ListItem","position":2,"name":"Boutique","item":"https:\/\/www.vegadeyuco.com\/fr\/boutique\/"},{"@type":"ListItem","position":3,"name":"D&rsquo;Yuco Ancestral"}]},{"@type":"WebSite","@id":"https:\/\/www.vegadeyuco.com\/fr\/#website","url":"https:\/\/www.vegadeyuco.com\/fr\/","name":"Vega de Yuco","description":"Bodegas y Vi\u00f1edos Vega de Yuco en Lanzarote, una bodega tradicional Canaria que destila autenticidad e innovaci\u00f3n. ","publisher":{"@id":"https:\/\/www.vegadeyuco.com\/fr\/#organization"},"potentialAction":[{"@type":"SearchAction","target":{"@type":"EntryPoint","urlTemplate":"https:\/\/www.vegadeyuco.com\/fr\/?s={search_term_string}"},"query-input":{"@type":"PropertyValueSpecification","valueRequired":true,"valueName":"search_term_string"}}],"inLanguage":"fr-FR"},{"@type":"Organization","@id":"https:\/\/www.vegadeyuco.com\/fr\/#organization","name":"Bodegas Vega de Yuco","url":"https:\/\/www.vegadeyuco.com\/fr\/","logo":{"@type":"ImageObject","inLanguage":"fr-FR","@id":"https:\/\/www.vegadeyuco.com\/fr\/#\/schema\/logo\/image\/","url":"https:\/\/www.vegadeyuco.com\/wp-content\/uploads\/2020\/01\/LOGO_VEGADEYUCO_cabecera_pedidos.png","contentUrl":"https:\/\/www.vegadeyuco.com\/wp-content\/uploads\/2020\/01\/LOGO_VEGADEYUCO_cabecera_pedidos.png","width":250,"height":150,"caption":"Bodegas Vega de Yuco"},"image":{"@id":"https:\/\/www.vegadeyuco.com\/fr\/#\/schema\/logo\/image\/"},"sameAs":["https:\/\/www.facebook.com\/vegadeyuco","https:\/\/www.instagram.com\/vegadeyuco\/","https:\/\/www.youtube.com\/channel\/UCmDMkmxMCvbSXTLTAs3DM7A"]}]}},"post_mailing_queue_ids":[],"_links":{"self":[{"href":"https:\/\/www.vegadeyuco.com\/fr\/wp-json\/wp\/v2\/product\/27500","targetHints":{"allow":["GET"]}}],"collection":[{"href":"https:\/\/www.vegadeyuco.com\/fr\/wp-json\/wp\/v2\/product"}],"about":[{"href":"https:\/\/www.vegadeyuco.com\/fr\/wp-json\/wp\/v2\/types\/product"}],"version-history":[{"count":0,"href":"https:\/\/www.vegadeyuco.com\/fr\/wp-json\/wp\/v2\/product\/27500\/revisions"}],"wp:featuredmedia":[{"embeddable":true,"href":"https:\/\/www.vegadeyuco.com\/fr\/wp-json\/wp\/v2\/media\/22108"}],"wp:attachment":[{"href":"https:\/\/www.vegadeyuco.com\/fr\/wp-json\/wp\/v2\/media?parent=27500"}],"wp:term":[{"taxonomy":"product_brand","embeddable":true,"href":"https:\/\/www.vegadeyuco.com\/fr\/wp-json\/wp\/v2\/product_brand?post=27500"},{"taxonomy":"product_cat","embeddable":true,"href":"https:\/\/www.vegadeyuco.com\/fr\/wp-json\/wp\/v2\/product_cat?post=27500"},{"taxonomy":"product_tag","embeddable":true,"href":"https:\/\/www.vegadeyuco.com\/fr\/wp-json\/wp\/v2\/product_tag?post=27500"}],"curies":[{"name":"wp","href":"https:\/\/api.w.org\/{rel}","templated":true}]}}