{"id":27510,"date":"2025-05-15T12:18:47","date_gmt":"2025-05-15T11:18:47","guid":{"rendered":"https:\/\/www.vegadeyuco.com\/producto\/famara-muscat-doux\/"},"modified":"2025-05-15T12:18:47","modified_gmt":"2025-05-15T11:18:47","slug":"famara-muscat-doux","status":"publish","type":"product","link":"https:\/\/www.vegadeyuco.com\/fr\/producto\/famara-muscat-doux\/","title":{"rendered":"Famara Muscat doux"},"content":{"rendered":"<p><span style=\"color: #0100a3;\">Couleur<\/span><br \/>\nCouleur jaune dor\u00e9, reflets dor\u00e9s<\/p>\n<p><span style=\"color: #0100a3;\">Nez<\/span><br \/>\nAr\u00f4me muscat\u00e9 avec des notes de miel d&rsquo;oranger, d&rsquo;\u00e9corce d&rsquo;orange et de mandarine.<\/p>\n<p><span style=\"color: #0100a3;\">Bouche<\/span><br \/>\nAttaque agr\u00e9able, puissante, savoureuse et chaleureuse. Liquoreux et onctueux, avec une acidit\u00e9 vive et \u00e9quilibr\u00e9e. Il pr\u00e9sente un corps puissant, savoureux et ample. Finale tr\u00e8s longue et \u00e9l\u00e9gante.   <\/p>\n<p><em>* Allerg\u00e8nes : contient des sulfites.<\/em><\/p>\n","protected":false},"excerpt":{"rendered":"<p>Le sol volcanique et le climat subd\u00e9sertique de Lanzarote, domin\u00e9 par l&rsquo;Atlantique et les aliz\u00e9s, conf\u00e8rent des caract\u00e9ristiques particuli\u00e8res \u00e0 notre muscat d&rsquo;Alexandrie. Il s&rsquo;agit d&rsquo;un gros raisin r\u00e9colt\u00e9 tardivement et \u00e0 la main. Tr\u00e8s aromatique, il pr\u00e9sente des notes muscat\u00e9es. Pour le Famara Moscatel dulce, le raisin est \u00e9galement r\u00e9colt\u00e9 surm\u00fbri sur la plante. Il est ensuite press\u00e9 d\u00e9licatement et la fermentation spontan\u00e9e est interrompue. Jusqu&rsquo;\u00e0 la mise en bouteille, il termine son vieillissement en f\u00fbts de ch\u00eane. Un muscat \u00e9l\u00e9gant, issu d&rsquo;un processus lent et soign\u00e9.      <\/p>\n<p><em><strong>Disponible uniquement pour les \u00eeles Canaries<\/strong><\/em><\/p>\n<p><a href=\"https:\/\/www.vegadeyuco.com\/wp-content\/uploads\/2024\/05\/Ficha-Cata-_Famara-Moscatel-Dulce-14-3.pdf\" target=\"_blank\" rel=\"noopener\">Voir la fiche de d\u00e9gustation<\/a><\/p>\n","protected":false},"featured_media":22111,"template":"","meta":[],"product_brand":[],"product_cat":[356,351,339],"product_tag":[],"class_list":{"0":"post-27510","1":"product","2":"type-product","3":"status-publish","4":"has-post-thumbnail","6":"product_cat-doux","7":"product_cat-famara","8":"product_cat-can","9":"product_shipping_class-seulement-les-canaries","11":"first","12":"instock","13":"featured","14":"shipping-taxable","15":"purchasable","16":"product-type-simple"},"yoast_head":"<!-- This site is optimized with the Yoast SEO plugin v26.8 - https:\/\/yoast.com\/product\/yoast-seo-wordpress\/ -->\n<title>Famara Muscat doux &#8226; Vega de Yuco<\/title>\n<meta name=\"description\" content=\"Pour ce muscat doux, les raisins sont r\u00e9colt\u00e9s \u00e0 pleine maturit\u00e9, puis press\u00e9s d\u00e9licatement et \u00e9lev\u00e9s en f\u00fbts. Un muscat \u00e9l\u00e9gant, issu d&#039;un processus lent et soign\u00e9.\" \/>\n<meta name=\"robots\" content=\"index, follow, max-snippet:-1, max-image-preview:large, max-video-preview:-1\" \/>\n<link rel=\"canonical\" href=\"https:\/\/www.vegadeyuco.com\/fr\/producto\/famara-muscat-doux\/\" \/>\n<meta property=\"og:locale\" content=\"fr_FR\" \/>\n<meta property=\"og:type\" content=\"article\" \/>\n<meta property=\"og:title\" content=\"Famara Muscat doux &#8226; Vega de Yuco\" \/>\n<meta property=\"og:description\" content=\"Pour ce muscat doux, les raisins sont r\u00e9colt\u00e9s \u00e0 pleine maturit\u00e9, puis press\u00e9s d\u00e9licatement et \u00e9lev\u00e9s en f\u00fbts. Un muscat \u00e9l\u00e9gant, issu d&#039;un processus lent et soign\u00e9.\" \/>\n<meta property=\"og:url\" content=\"https:\/\/www.vegadeyuco.com\/fr\/producto\/famara-muscat-doux\/\" \/>\n<meta property=\"og:site_name\" content=\"Vega de Yuco\" \/>\n<meta property=\"article:publisher\" content=\"https:\/\/www.facebook.com\/vegadeyuco\" \/>\n<meta property=\"og:image\" content=\"https:\/\/www.vegadeyuco.com\/wp-content\/uploads\/2021\/01\/Famara-dulce.png\" \/>\n\t<meta property=\"og:image:width\" content=\"1000\" \/>\n\t<meta property=\"og:image:height\" content=\"1000\" \/>\n\t<meta property=\"og:image:type\" content=\"image\/png\" \/>\n<meta name=\"twitter:card\" content=\"summary_large_image\" \/>\n<script type=\"application\/ld+json\" class=\"yoast-schema-graph\">{\"@context\":\"https:\/\/schema.org\",\"@graph\":[{\"@type\":\"WebPage\",\"@id\":\"https:\/\/www.vegadeyuco.com\/fr\/producto\/famara-muscat-doux\/\",\"url\":\"https:\/\/www.vegadeyuco.com\/fr\/producto\/famara-muscat-doux\/\",\"name\":\"Famara Muscat doux &#8226; Vega de Yuco\",\"isPartOf\":{\"@id\":\"https:\/\/www.vegadeyuco.com\/fr\/#website\"},\"primaryImageOfPage\":{\"@id\":\"https:\/\/www.vegadeyuco.com\/fr\/producto\/famara-muscat-doux\/#primaryimage\"},\"image\":{\"@id\":\"https:\/\/www.vegadeyuco.com\/fr\/producto\/famara-muscat-doux\/#primaryimage\"},\"thumbnailUrl\":\"https:\/\/www.vegadeyuco.com\/wp-content\/uploads\/2021\/01\/Famara-dulce.png\",\"datePublished\":\"2025-05-15T11:18:47+00:00\",\"description\":\"Pour ce muscat doux, les raisins sont r\u00e9colt\u00e9s \u00e0 pleine maturit\u00e9, puis press\u00e9s d\u00e9licatement et \u00e9lev\u00e9s en f\u00fbts. Un muscat \u00e9l\u00e9gant, issu d'un processus lent et soign\u00e9.\",\"breadcrumb\":{\"@id\":\"https:\/\/www.vegadeyuco.com\/fr\/producto\/famara-muscat-doux\/#breadcrumb\"},\"inLanguage\":\"fr-FR\",\"potentialAction\":[{\"@type\":\"ReadAction\",\"target\":[\"https:\/\/www.vegadeyuco.com\/fr\/producto\/famara-muscat-doux\/\"]}]},{\"@type\":\"ImageObject\",\"inLanguage\":\"fr-FR\",\"@id\":\"https:\/\/www.vegadeyuco.com\/fr\/producto\/famara-muscat-doux\/#primaryimage\",\"url\":\"https:\/\/www.vegadeyuco.com\/wp-content\/uploads\/2021\/01\/Famara-dulce.png\",\"contentUrl\":\"https:\/\/www.vegadeyuco.com\/wp-content\/uploads\/2021\/01\/Famara-dulce.png\",\"width\":1000,\"height\":1000},{\"@type\":\"BreadcrumbList\",\"@id\":\"https:\/\/www.vegadeyuco.com\/fr\/producto\/famara-muscat-doux\/#breadcrumb\",\"itemListElement\":[{\"@type\":\"ListItem\",\"position\":1,\"name\":\"Portada\",\"item\":\"https:\/\/www.vegadeyuco.com\/fr\/vega-de-yuco-cave-a-vin-a-lanzarote\/\"},{\"@type\":\"ListItem\",\"position\":2,\"name\":\"Boutique\",\"item\":\"https:\/\/www.vegadeyuco.com\/fr\/boutique\/\"},{\"@type\":\"ListItem\",\"position\":3,\"name\":\"Famara Muscat doux\"}]},{\"@type\":\"WebSite\",\"@id\":\"https:\/\/www.vegadeyuco.com\/fr\/#website\",\"url\":\"https:\/\/www.vegadeyuco.com\/fr\/\",\"name\":\"Vega de Yuco\",\"description\":\"Bodegas y Vi\u00f1edos Vega de Yuco en Lanzarote, una bodega tradicional Canaria que destila autenticidad e innovaci\u00f3n. \",\"publisher\":{\"@id\":\"https:\/\/www.vegadeyuco.com\/fr\/#organization\"},\"potentialAction\":[{\"@type\":\"SearchAction\",\"target\":{\"@type\":\"EntryPoint\",\"urlTemplate\":\"https:\/\/www.vegadeyuco.com\/fr\/?s={search_term_string}\"},\"query-input\":{\"@type\":\"PropertyValueSpecification\",\"valueRequired\":true,\"valueName\":\"search_term_string\"}}],\"inLanguage\":\"fr-FR\"},{\"@type\":\"Organization\",\"@id\":\"https:\/\/www.vegadeyuco.com\/fr\/#organization\",\"name\":\"Bodegas Vega de Yuco\",\"url\":\"https:\/\/www.vegadeyuco.com\/fr\/\",\"logo\":{\"@type\":\"ImageObject\",\"inLanguage\":\"fr-FR\",\"@id\":\"https:\/\/www.vegadeyuco.com\/fr\/#\/schema\/logo\/image\/\",\"url\":\"https:\/\/www.vegadeyuco.com\/wp-content\/uploads\/2020\/01\/LOGO_VEGADEYUCO_cabecera_pedidos.png\",\"contentUrl\":\"https:\/\/www.vegadeyuco.com\/wp-content\/uploads\/2020\/01\/LOGO_VEGADEYUCO_cabecera_pedidos.png\",\"width\":250,\"height\":150,\"caption\":\"Bodegas Vega de Yuco\"},\"image\":{\"@id\":\"https:\/\/www.vegadeyuco.com\/fr\/#\/schema\/logo\/image\/\"},\"sameAs\":[\"https:\/\/www.facebook.com\/vegadeyuco\",\"https:\/\/www.instagram.com\/vegadeyuco\/\",\"https:\/\/www.youtube.com\/channel\/UCmDMkmxMCvbSXTLTAs3DM7A\"]}]}<\/script>\n<!-- \/ Yoast SEO plugin. -->","yoast_head_json":{"title":"Famara Muscat doux &#8226; Vega de Yuco","description":"Pour ce muscat doux, les raisins sont r\u00e9colt\u00e9s \u00e0 pleine maturit\u00e9, puis press\u00e9s d\u00e9licatement et \u00e9lev\u00e9s en f\u00fbts. Un muscat \u00e9l\u00e9gant, issu d'un processus lent et soign\u00e9.","robots":{"index":"index","follow":"follow","max-snippet":"max-snippet:-1","max-image-preview":"max-image-preview:large","max-video-preview":"max-video-preview:-1"},"canonical":"https:\/\/www.vegadeyuco.com\/fr\/producto\/famara-muscat-doux\/","og_locale":"fr_FR","og_type":"article","og_title":"Famara Muscat doux &#8226; Vega de Yuco","og_description":"Pour ce muscat doux, les raisins sont r\u00e9colt\u00e9s \u00e0 pleine maturit\u00e9, puis press\u00e9s d\u00e9licatement et \u00e9lev\u00e9s en f\u00fbts. Un muscat \u00e9l\u00e9gant, issu d'un processus lent et soign\u00e9.","og_url":"https:\/\/www.vegadeyuco.com\/fr\/producto\/famara-muscat-doux\/","og_site_name":"Vega de Yuco","article_publisher":"https:\/\/www.facebook.com\/vegadeyuco","og_image":[{"width":1000,"height":1000,"url":"https:\/\/www.vegadeyuco.com\/wp-content\/uploads\/2021\/01\/Famara-dulce.png","type":"image\/png"}],"twitter_card":"summary_large_image","schema":{"@context":"https:\/\/schema.org","@graph":[{"@type":"WebPage","@id":"https:\/\/www.vegadeyuco.com\/fr\/producto\/famara-muscat-doux\/","url":"https:\/\/www.vegadeyuco.com\/fr\/producto\/famara-muscat-doux\/","name":"Famara Muscat doux &#8226; Vega de Yuco","isPartOf":{"@id":"https:\/\/www.vegadeyuco.com\/fr\/#website"},"primaryImageOfPage":{"@id":"https:\/\/www.vegadeyuco.com\/fr\/producto\/famara-muscat-doux\/#primaryimage"},"image":{"@id":"https:\/\/www.vegadeyuco.com\/fr\/producto\/famara-muscat-doux\/#primaryimage"},"thumbnailUrl":"https:\/\/www.vegadeyuco.com\/wp-content\/uploads\/2021\/01\/Famara-dulce.png","datePublished":"2025-05-15T11:18:47+00:00","description":"Pour ce muscat doux, les raisins sont r\u00e9colt\u00e9s \u00e0 pleine maturit\u00e9, puis press\u00e9s d\u00e9licatement et \u00e9lev\u00e9s en f\u00fbts. Un muscat \u00e9l\u00e9gant, issu d'un processus lent et soign\u00e9.","breadcrumb":{"@id":"https:\/\/www.vegadeyuco.com\/fr\/producto\/famara-muscat-doux\/#breadcrumb"},"inLanguage":"fr-FR","potentialAction":[{"@type":"ReadAction","target":["https:\/\/www.vegadeyuco.com\/fr\/producto\/famara-muscat-doux\/"]}]},{"@type":"ImageObject","inLanguage":"fr-FR","@id":"https:\/\/www.vegadeyuco.com\/fr\/producto\/famara-muscat-doux\/#primaryimage","url":"https:\/\/www.vegadeyuco.com\/wp-content\/uploads\/2021\/01\/Famara-dulce.png","contentUrl":"https:\/\/www.vegadeyuco.com\/wp-content\/uploads\/2021\/01\/Famara-dulce.png","width":1000,"height":1000},{"@type":"BreadcrumbList","@id":"https:\/\/www.vegadeyuco.com\/fr\/producto\/famara-muscat-doux\/#breadcrumb","itemListElement":[{"@type":"ListItem","position":1,"name":"Portada","item":"https:\/\/www.vegadeyuco.com\/fr\/vega-de-yuco-cave-a-vin-a-lanzarote\/"},{"@type":"ListItem","position":2,"name":"Boutique","item":"https:\/\/www.vegadeyuco.com\/fr\/boutique\/"},{"@type":"ListItem","position":3,"name":"Famara Muscat doux"}]},{"@type":"WebSite","@id":"https:\/\/www.vegadeyuco.com\/fr\/#website","url":"https:\/\/www.vegadeyuco.com\/fr\/","name":"Vega de Yuco","description":"Bodegas y Vi\u00f1edos Vega de Yuco en Lanzarote, una bodega tradicional Canaria que destila autenticidad e innovaci\u00f3n. ","publisher":{"@id":"https:\/\/www.vegadeyuco.com\/fr\/#organization"},"potentialAction":[{"@type":"SearchAction","target":{"@type":"EntryPoint","urlTemplate":"https:\/\/www.vegadeyuco.com\/fr\/?s={search_term_string}"},"query-input":{"@type":"PropertyValueSpecification","valueRequired":true,"valueName":"search_term_string"}}],"inLanguage":"fr-FR"},{"@type":"Organization","@id":"https:\/\/www.vegadeyuco.com\/fr\/#organization","name":"Bodegas Vega de Yuco","url":"https:\/\/www.vegadeyuco.com\/fr\/","logo":{"@type":"ImageObject","inLanguage":"fr-FR","@id":"https:\/\/www.vegadeyuco.com\/fr\/#\/schema\/logo\/image\/","url":"https:\/\/www.vegadeyuco.com\/wp-content\/uploads\/2020\/01\/LOGO_VEGADEYUCO_cabecera_pedidos.png","contentUrl":"https:\/\/www.vegadeyuco.com\/wp-content\/uploads\/2020\/01\/LOGO_VEGADEYUCO_cabecera_pedidos.png","width":250,"height":150,"caption":"Bodegas Vega de Yuco"},"image":{"@id":"https:\/\/www.vegadeyuco.com\/fr\/#\/schema\/logo\/image\/"},"sameAs":["https:\/\/www.facebook.com\/vegadeyuco","https:\/\/www.instagram.com\/vegadeyuco\/","https:\/\/www.youtube.com\/channel\/UCmDMkmxMCvbSXTLTAs3DM7A"]}]}},"post_mailing_queue_ids":[],"_links":{"self":[{"href":"https:\/\/www.vegadeyuco.com\/fr\/wp-json\/wp\/v2\/product\/27510","targetHints":{"allow":["GET"]}}],"collection":[{"href":"https:\/\/www.vegadeyuco.com\/fr\/wp-json\/wp\/v2\/product"}],"about":[{"href":"https:\/\/www.vegadeyuco.com\/fr\/wp-json\/wp\/v2\/types\/product"}],"version-history":[{"count":0,"href":"https:\/\/www.vegadeyuco.com\/fr\/wp-json\/wp\/v2\/product\/27510\/revisions"}],"wp:featuredmedia":[{"embeddable":true,"href":"https:\/\/www.vegadeyuco.com\/fr\/wp-json\/wp\/v2\/media\/22111"}],"wp:attachment":[{"href":"https:\/\/www.vegadeyuco.com\/fr\/wp-json\/wp\/v2\/media?parent=27510"}],"wp:term":[{"taxonomy":"product_brand","embeddable":true,"href":"https:\/\/www.vegadeyuco.com\/fr\/wp-json\/wp\/v2\/product_brand?post=27510"},{"taxonomy":"product_cat","embeddable":true,"href":"https:\/\/www.vegadeyuco.com\/fr\/wp-json\/wp\/v2\/product_cat?post=27510"},{"taxonomy":"product_tag","embeddable":true,"href":"https:\/\/www.vegadeyuco.com\/fr\/wp-json\/wp\/v2\/product_tag?post=27510"}],"curies":[{"name":"wp","href":"https:\/\/api.w.org\/{rel}","templated":true}]}}