{"id":27513,"date":"2021-01-30T12:17:14","date_gmt":"2021-01-30T12:17:14","guid":{"rendered":"https:\/\/www.vegadeyuco.com\/producto\/aurum-vin-de-liqueur-muscat\/"},"modified":"2026-02-11T08:17:30","modified_gmt":"2026-02-11T08:17:30","slug":"aurum-vin-de-liqueur-muscat","status":"publish","type":"product","link":"https:\/\/www.vegadeyuco.com\/fr\/producto\/aurum-vin-de-liqueur-muscat\/","title":{"rendered":"Aurum Vin de liqueur Muscat"},"content":{"rendered":"<p>Nous exposons au soleil le muscat et le malvoisie afin d&rsquo;obtenir une surmaturation prolong\u00e9e. Mill\u00e9sime 1996. <\/p>\n<p>Assemblage de diff\u00e9rents mill\u00e9simes et \u00e9lev\u00e9 pendant 7 mois en f\u00fbts de ch\u00eane hongrois de 225 litres.<\/p>\n<p><span style=\"color: #0100a3;\">Couleur<\/span><br \/>\nCouleur acajou, vieil or avec des reflets iod\u00e9s, limpide et brillant.<\/p>\n<p><span style=\"color: #0100a3;\">Nez<\/span><br \/>\nGrande intensit\u00e9 et complexit\u00e9 aromatique, avec des ar\u00f4mes dominants de raisins secs, d&rsquo;abricots secs, de fruits secs et d&rsquo;\u00e9corce d&rsquo;orange.<\/p>\n<p><span style=\"color: #0100a3;\">Bouche<\/span><br \/>\nEn bouche, il est liquoreux en attaque, onctueux, savoureux et frais gr\u00e2ce \u00e0 son bon \u00e9quilibre entre sucre et acidit\u00e9. Finale longue et persistante. <\/p>\n<p>R\u00e9compenses : 2011 &#8211; Meilleure image des Canaries au Concours officiel des vins des Canaries Agrocanarias 2011. M\u00e9daille d&rsquo;argent au XXIVe Concours r\u00e9gional des vins en bouteille des Canaries Alh\u00f3ndiga 2011. <\/p>\n<p>Temp\u00e9rature de service : 14-16 \u00b0C<\/p>\n<p><em>* Allerg\u00e8nes : contient des sulfites.<\/em><\/p>\n","protected":false},"excerpt":{"rendered":"<p>Nous exposons au soleil le muscat et le malvoisie afin d&rsquo;obtenir une surmaturation prolong\u00e9e. Mill\u00e9sime 1996. Assemblage de diff\u00e9rents mill\u00e9simes et \u00e9levage de 7 mois en f\u00fbts de 225 litres en ch\u00eane hongrois. <\/p>\n<p><em><strong>Disponible uniquement pour les \u00eeles Canaries<\/strong><\/em><\/p>\n<p><a href=\"https:\/\/www.vegadeyuco.com\/wp-content\/uploads\/2022\/02\/Aurum-min.pdf\" target=\"_blank\" rel=\"noopener\">Voir la fiche de d\u00e9gustation<\/a><\/p>\n","protected":false},"featured_media":27058,"template":"","meta":[],"product_brand":[],"product_cat":[356,339,348],"product_tag":[],"class_list":{"0":"post-27513","1":"product","2":"type-product","3":"status-publish","4":"has-post-thumbnail","6":"product_cat-doux","7":"product_cat-can","8":"product_cat-vins","9":"product_shipping_class-seulement-les-canaries","11":"first","12":"instock","13":"shipping-taxable","14":"purchasable","15":"product-type-simple"},"yoast_head":"<!-- This site is optimized with the Yoast SEO plugin v26.8 - https:\/\/yoast.com\/product\/yoast-seo-wordpress\/ -->\n<title>Aurum Vin de liqueur Muscat &#8226; Vega de Yuco<\/title>\n<meta name=\"description\" content=\"D\u00e9couvrez ce vin de Lanzarote, \u00e9labor\u00e9 \u00e0 partir d&#039;un assemblage de diff\u00e9rents mill\u00e9simes et \u00e9lev\u00e9 pendant 7 mois en f\u00fbts de ch\u00eane hongrois de 225 litres.\" \/>\n<meta name=\"robots\" content=\"index, follow, max-snippet:-1, max-image-preview:large, max-video-preview:-1\" \/>\n<link rel=\"canonical\" href=\"https:\/\/www.vegadeyuco.com\/fr\/producto\/aurum-vin-de-liqueur-muscat\/\" \/>\n<meta property=\"og:locale\" content=\"fr_FR\" \/>\n<meta property=\"og:type\" content=\"article\" \/>\n<meta property=\"og:title\" content=\"Aurum Vin de liqueur Muscat &#8226; Vega de Yuco\" \/>\n<meta property=\"og:description\" content=\"D\u00e9couvrez ce vin de Lanzarote, \u00e9labor\u00e9 \u00e0 partir d&#039;un assemblage de diff\u00e9rents mill\u00e9simes et \u00e9lev\u00e9 pendant 7 mois en f\u00fbts de ch\u00eane hongrois de 225 litres.\" \/>\n<meta property=\"og:url\" content=\"https:\/\/www.vegadeyuco.com\/fr\/producto\/aurum-vin-de-liqueur-muscat\/\" \/>\n<meta property=\"og:site_name\" content=\"Vega de Yuco\" \/>\n<meta property=\"article:publisher\" content=\"https:\/\/www.facebook.com\/vegadeyuco\" \/>\n<meta property=\"article:modified_time\" content=\"2026-02-11T08:17:30+00:00\" \/>\n<meta property=\"og:image\" content=\"https:\/\/www.vegadeyuco.com\/wp-content\/uploads\/2021\/01\/Aurum-dulce-2.png\" \/>\n\t<meta property=\"og:image:width\" content=\"1000\" \/>\n\t<meta property=\"og:image:height\" content=\"1000\" \/>\n\t<meta property=\"og:image:type\" content=\"image\/png\" \/>\n<meta name=\"twitter:card\" content=\"summary_large_image\" \/>\n<meta name=\"twitter:label1\" content=\"Dur\u00e9e de lecture estim\u00e9e\" \/>\n\t<meta name=\"twitter:data1\" content=\"1 minute\" \/>\n<script type=\"application\/ld+json\" class=\"yoast-schema-graph\">{\"@context\":\"https:\/\/schema.org\",\"@graph\":[{\"@type\":\"WebPage\",\"@id\":\"https:\/\/www.vegadeyuco.com\/fr\/producto\/aurum-vin-de-liqueur-muscat\/\",\"url\":\"https:\/\/www.vegadeyuco.com\/fr\/producto\/aurum-vin-de-liqueur-muscat\/\",\"name\":\"Aurum Vin de liqueur Muscat &#8226; Vega de Yuco\",\"isPartOf\":{\"@id\":\"https:\/\/www.vegadeyuco.com\/fr\/#website\"},\"primaryImageOfPage\":{\"@id\":\"https:\/\/www.vegadeyuco.com\/fr\/producto\/aurum-vin-de-liqueur-muscat\/#primaryimage\"},\"image\":{\"@id\":\"https:\/\/www.vegadeyuco.com\/fr\/producto\/aurum-vin-de-liqueur-muscat\/#primaryimage\"},\"thumbnailUrl\":\"https:\/\/www.vegadeyuco.com\/wp-content\/uploads\/2021\/01\/Aurum-dulce-2.png\",\"datePublished\":\"2021-01-30T12:17:14+00:00\",\"dateModified\":\"2026-02-11T08:17:30+00:00\",\"description\":\"D\u00e9couvrez ce vin de Lanzarote, \u00e9labor\u00e9 \u00e0 partir d'un assemblage de diff\u00e9rents mill\u00e9simes et \u00e9lev\u00e9 pendant 7 mois en f\u00fbts de ch\u00eane hongrois de 225 litres.\",\"breadcrumb\":{\"@id\":\"https:\/\/www.vegadeyuco.com\/fr\/producto\/aurum-vin-de-liqueur-muscat\/#breadcrumb\"},\"inLanguage\":\"fr-FR\",\"potentialAction\":[{\"@type\":\"ReadAction\",\"target\":[\"https:\/\/www.vegadeyuco.com\/fr\/producto\/aurum-vin-de-liqueur-muscat\/\"]}]},{\"@type\":\"ImageObject\",\"inLanguage\":\"fr-FR\",\"@id\":\"https:\/\/www.vegadeyuco.com\/fr\/producto\/aurum-vin-de-liqueur-muscat\/#primaryimage\",\"url\":\"https:\/\/www.vegadeyuco.com\/wp-content\/uploads\/2021\/01\/Aurum-dulce-2.png\",\"contentUrl\":\"https:\/\/www.vegadeyuco.com\/wp-content\/uploads\/2021\/01\/Aurum-dulce-2.png\",\"width\":1000,\"height\":1000},{\"@type\":\"BreadcrumbList\",\"@id\":\"https:\/\/www.vegadeyuco.com\/fr\/producto\/aurum-vin-de-liqueur-muscat\/#breadcrumb\",\"itemListElement\":[{\"@type\":\"ListItem\",\"position\":1,\"name\":\"Portada\",\"item\":\"https:\/\/www.vegadeyuco.com\/fr\/vega-de-yuco-cave-a-vin-a-lanzarote\/\"},{\"@type\":\"ListItem\",\"position\":2,\"name\":\"Boutique\",\"item\":\"https:\/\/www.vegadeyuco.com\/fr\/boutique\/\"},{\"@type\":\"ListItem\",\"position\":3,\"name\":\"Aurum Vin de liqueur Muscat\"}]},{\"@type\":\"WebSite\",\"@id\":\"https:\/\/www.vegadeyuco.com\/fr\/#website\",\"url\":\"https:\/\/www.vegadeyuco.com\/fr\/\",\"name\":\"Vega de Yuco\",\"description\":\"Bodegas y Vi\u00f1edos Vega de Yuco en Lanzarote, una bodega tradicional Canaria que destila autenticidad e innovaci\u00f3n. \",\"publisher\":{\"@id\":\"https:\/\/www.vegadeyuco.com\/fr\/#organization\"},\"potentialAction\":[{\"@type\":\"SearchAction\",\"target\":{\"@type\":\"EntryPoint\",\"urlTemplate\":\"https:\/\/www.vegadeyuco.com\/fr\/?s={search_term_string}\"},\"query-input\":{\"@type\":\"PropertyValueSpecification\",\"valueRequired\":true,\"valueName\":\"search_term_string\"}}],\"inLanguage\":\"fr-FR\"},{\"@type\":\"Organization\",\"@id\":\"https:\/\/www.vegadeyuco.com\/fr\/#organization\",\"name\":\"Bodegas Vega de Yuco\",\"url\":\"https:\/\/www.vegadeyuco.com\/fr\/\",\"logo\":{\"@type\":\"ImageObject\",\"inLanguage\":\"fr-FR\",\"@id\":\"https:\/\/www.vegadeyuco.com\/fr\/#\/schema\/logo\/image\/\",\"url\":\"https:\/\/www.vegadeyuco.com\/wp-content\/uploads\/2020\/01\/LOGO_VEGADEYUCO_cabecera_pedidos.png\",\"contentUrl\":\"https:\/\/www.vegadeyuco.com\/wp-content\/uploads\/2020\/01\/LOGO_VEGADEYUCO_cabecera_pedidos.png\",\"width\":250,\"height\":150,\"caption\":\"Bodegas Vega de Yuco\"},\"image\":{\"@id\":\"https:\/\/www.vegadeyuco.com\/fr\/#\/schema\/logo\/image\/\"},\"sameAs\":[\"https:\/\/www.facebook.com\/vegadeyuco\",\"https:\/\/www.instagram.com\/vegadeyuco\/\",\"https:\/\/www.youtube.com\/channel\/UCmDMkmxMCvbSXTLTAs3DM7A\"]}]}<\/script>\n<!-- \/ Yoast SEO plugin. -->","yoast_head_json":{"title":"Aurum Vin de liqueur Muscat &#8226; Vega de Yuco","description":"D\u00e9couvrez ce vin de Lanzarote, \u00e9labor\u00e9 \u00e0 partir d'un assemblage de diff\u00e9rents mill\u00e9simes et \u00e9lev\u00e9 pendant 7 mois en f\u00fbts de ch\u00eane hongrois de 225 litres.","robots":{"index":"index","follow":"follow","max-snippet":"max-snippet:-1","max-image-preview":"max-image-preview:large","max-video-preview":"max-video-preview:-1"},"canonical":"https:\/\/www.vegadeyuco.com\/fr\/producto\/aurum-vin-de-liqueur-muscat\/","og_locale":"fr_FR","og_type":"article","og_title":"Aurum Vin de liqueur Muscat &#8226; Vega de Yuco","og_description":"D\u00e9couvrez ce vin de Lanzarote, \u00e9labor\u00e9 \u00e0 partir d'un assemblage de diff\u00e9rents mill\u00e9simes et \u00e9lev\u00e9 pendant 7 mois en f\u00fbts de ch\u00eane hongrois de 225 litres.","og_url":"https:\/\/www.vegadeyuco.com\/fr\/producto\/aurum-vin-de-liqueur-muscat\/","og_site_name":"Vega de Yuco","article_publisher":"https:\/\/www.facebook.com\/vegadeyuco","article_modified_time":"2026-02-11T08:17:30+00:00","og_image":[{"width":1000,"height":1000,"url":"https:\/\/www.vegadeyuco.com\/wp-content\/uploads\/2021\/01\/Aurum-dulce-2.png","type":"image\/png"}],"twitter_card":"summary_large_image","twitter_misc":{"Dur\u00e9e de lecture estim\u00e9e":"1 minute"},"schema":{"@context":"https:\/\/schema.org","@graph":[{"@type":"WebPage","@id":"https:\/\/www.vegadeyuco.com\/fr\/producto\/aurum-vin-de-liqueur-muscat\/","url":"https:\/\/www.vegadeyuco.com\/fr\/producto\/aurum-vin-de-liqueur-muscat\/","name":"Aurum Vin de liqueur Muscat &#8226; Vega de Yuco","isPartOf":{"@id":"https:\/\/www.vegadeyuco.com\/fr\/#website"},"primaryImageOfPage":{"@id":"https:\/\/www.vegadeyuco.com\/fr\/producto\/aurum-vin-de-liqueur-muscat\/#primaryimage"},"image":{"@id":"https:\/\/www.vegadeyuco.com\/fr\/producto\/aurum-vin-de-liqueur-muscat\/#primaryimage"},"thumbnailUrl":"https:\/\/www.vegadeyuco.com\/wp-content\/uploads\/2021\/01\/Aurum-dulce-2.png","datePublished":"2021-01-30T12:17:14+00:00","dateModified":"2026-02-11T08:17:30+00:00","description":"D\u00e9couvrez ce vin de Lanzarote, \u00e9labor\u00e9 \u00e0 partir d'un assemblage de diff\u00e9rents mill\u00e9simes et \u00e9lev\u00e9 pendant 7 mois en f\u00fbts de ch\u00eane hongrois de 225 litres.","breadcrumb":{"@id":"https:\/\/www.vegadeyuco.com\/fr\/producto\/aurum-vin-de-liqueur-muscat\/#breadcrumb"},"inLanguage":"fr-FR","potentialAction":[{"@type":"ReadAction","target":["https:\/\/www.vegadeyuco.com\/fr\/producto\/aurum-vin-de-liqueur-muscat\/"]}]},{"@type":"ImageObject","inLanguage":"fr-FR","@id":"https:\/\/www.vegadeyuco.com\/fr\/producto\/aurum-vin-de-liqueur-muscat\/#primaryimage","url":"https:\/\/www.vegadeyuco.com\/wp-content\/uploads\/2021\/01\/Aurum-dulce-2.png","contentUrl":"https:\/\/www.vegadeyuco.com\/wp-content\/uploads\/2021\/01\/Aurum-dulce-2.png","width":1000,"height":1000},{"@type":"BreadcrumbList","@id":"https:\/\/www.vegadeyuco.com\/fr\/producto\/aurum-vin-de-liqueur-muscat\/#breadcrumb","itemListElement":[{"@type":"ListItem","position":1,"name":"Portada","item":"https:\/\/www.vegadeyuco.com\/fr\/vega-de-yuco-cave-a-vin-a-lanzarote\/"},{"@type":"ListItem","position":2,"name":"Boutique","item":"https:\/\/www.vegadeyuco.com\/fr\/boutique\/"},{"@type":"ListItem","position":3,"name":"Aurum Vin de liqueur Muscat"}]},{"@type":"WebSite","@id":"https:\/\/www.vegadeyuco.com\/fr\/#website","url":"https:\/\/www.vegadeyuco.com\/fr\/","name":"Vega de Yuco","description":"Bodegas y Vi\u00f1edos Vega de Yuco en Lanzarote, una bodega tradicional Canaria que destila autenticidad e innovaci\u00f3n. ","publisher":{"@id":"https:\/\/www.vegadeyuco.com\/fr\/#organization"},"potentialAction":[{"@type":"SearchAction","target":{"@type":"EntryPoint","urlTemplate":"https:\/\/www.vegadeyuco.com\/fr\/?s={search_term_string}"},"query-input":{"@type":"PropertyValueSpecification","valueRequired":true,"valueName":"search_term_string"}}],"inLanguage":"fr-FR"},{"@type":"Organization","@id":"https:\/\/www.vegadeyuco.com\/fr\/#organization","name":"Bodegas Vega de Yuco","url":"https:\/\/www.vegadeyuco.com\/fr\/","logo":{"@type":"ImageObject","inLanguage":"fr-FR","@id":"https:\/\/www.vegadeyuco.com\/fr\/#\/schema\/logo\/image\/","url":"https:\/\/www.vegadeyuco.com\/wp-content\/uploads\/2020\/01\/LOGO_VEGADEYUCO_cabecera_pedidos.png","contentUrl":"https:\/\/www.vegadeyuco.com\/wp-content\/uploads\/2020\/01\/LOGO_VEGADEYUCO_cabecera_pedidos.png","width":250,"height":150,"caption":"Bodegas Vega de Yuco"},"image":{"@id":"https:\/\/www.vegadeyuco.com\/fr\/#\/schema\/logo\/image\/"},"sameAs":["https:\/\/www.facebook.com\/vegadeyuco","https:\/\/www.instagram.com\/vegadeyuco\/","https:\/\/www.youtube.com\/channel\/UCmDMkmxMCvbSXTLTAs3DM7A"]}]}},"post_mailing_queue_ids":[],"_links":{"self":[{"href":"https:\/\/www.vegadeyuco.com\/fr\/wp-json\/wp\/v2\/product\/27513","targetHints":{"allow":["GET"]}}],"collection":[{"href":"https:\/\/www.vegadeyuco.com\/fr\/wp-json\/wp\/v2\/product"}],"about":[{"href":"https:\/\/www.vegadeyuco.com\/fr\/wp-json\/wp\/v2\/types\/product"}],"version-history":[{"count":1,"href":"https:\/\/www.vegadeyuco.com\/fr\/wp-json\/wp\/v2\/product\/27513\/revisions"}],"predecessor-version":[{"id":28036,"href":"https:\/\/www.vegadeyuco.com\/fr\/wp-json\/wp\/v2\/product\/27513\/revisions\/28036"}],"wp:featuredmedia":[{"embeddable":true,"href":"https:\/\/www.vegadeyuco.com\/fr\/wp-json\/wp\/v2\/media\/27058"}],"wp:attachment":[{"href":"https:\/\/www.vegadeyuco.com\/fr\/wp-json\/wp\/v2\/media?parent=27513"}],"wp:term":[{"taxonomy":"product_brand","embeddable":true,"href":"https:\/\/www.vegadeyuco.com\/fr\/wp-json\/wp\/v2\/product_brand?post=27513"},{"taxonomy":"product_cat","embeddable":true,"href":"https:\/\/www.vegadeyuco.com\/fr\/wp-json\/wp\/v2\/product_cat?post=27513"},{"taxonomy":"product_tag","embeddable":true,"href":"https:\/\/www.vegadeyuco.com\/fr\/wp-json\/wp\/v2\/product_tag?post=27513"}],"curies":[{"name":"wp","href":"https:\/\/api.w.org\/{rel}","templated":true}]}}