{"id":27517,"date":"2025-05-18T09:11:53","date_gmt":"2025-05-18T08:11:53","guid":{"rendered":"https:\/\/www.vegadeyuco.com\/producto\/riscos-famara-fruite\/"},"modified":"2025-05-18T09:11:53","modified_gmt":"2025-05-18T08:11:53","slug":"riscos-famara-fruite","status":"publish","type":"product","link":"https:\/\/www.vegadeyuco.com\/fr\/producto\/riscos-famara-fruite\/","title":{"rendered":"Riscos Famara Fruit\u00e9"},"content":{"rendered":"<p>Doux et expressif, il se distingue par son \u00e9quilibre entre une douceur naturelle et une fra\u00eecheur qui le rend vibrant, gourmand et facile \u00e0 d\u00e9guster. Id\u00e9al pour ceux qui recherchent un blanc diff\u00e9rent, avec une \u00e2me volcanique et un go\u00fbt d&rsquo;\u00eele. <\/p>\n<p><span style=\"color: #0100a3;\">Couleur<\/span><br \/>\nJaune p\u00e2le, limpide et brillant<\/p>\n<p><span style=\"color: #0100a3;\">Nez<\/span><br \/>\nAr\u00f4mes floraux et d&rsquo;agrumes.<\/p>\n<p><span style=\"color: #0100a3;\">Bouche<\/span><br \/>\nBon \u00e9quilibre entre douceur et fra\u00eecheur<\/p>\n<p>Famara Demi-doux se marie parfaitement avec les plats de p\u00e2tes ou de riz et une bonne discussion entre amis.<\/p>\n<p><em>* Allerg\u00e8nes : contient des sulfites.<\/em><\/p>\n<p>&nbsp;<\/p>\n<hr>\n<p>&nbsp;<\/p>\n<p><strong>Accords mets-vins<\/strong><\/p>\n<p>Parfait pour accompagner les plats asiatiques, les plats aux notes d&rsquo;agrumes, les fromages doux et les salades aux fruits ou aux vinaigrettes sucr\u00e9es. Il s&rsquo;harmonise \u00e9galement avec les desserts l\u00e9gers tels que les tartes aux fruits ou les mousses au citron, rehaussant les saveurs sans \u00eatre \u00e9c\u0153urant. Un vin polyvalent qui invite \u00e0 jouer avec les contrastes et les nuances.  <\/p>\n","protected":false},"excerpt":{"rendered":"<p>Riscos de Famara Afrutado est un vin blanc demi-doux \u00e9labor\u00e9 \u00e0 partir de c\u00e9pages minoritaires de Lanzarote, r\u00e9colt\u00e9s l\u00e9g\u00e8rement surm\u00fbris afin d&rsquo;accentuer leur douceur.<\/p>\n<p><a href=\"https:\/\/www.vegadeyuco.com\/wp-content\/uploads\/2025\/05\/Ficha-Cata-_Riscos-Famara-Afrutado_2025.pdf\" target=\"_blank\" rel=\"noopener\">Voir la fiche de d\u00e9gustation<\/a><\/p>\n","protected":false},"featured_media":22910,"template":"","meta":[],"product_brand":[],"product_cat":[349,351,339],"product_tag":[],"class_list":{"0":"post-27517","1":"product","2":"type-product","3":"status-publish","4":"has-post-thumbnail","6":"product_cat-blanc-demi-doux","7":"product_cat-famara","8":"product_cat-can","9":"product_shipping_class-seulement-les-canaries","11":"first","12":"outofstock","13":"shipping-taxable","14":"purchasable","15":"product-type-simple"},"yoast_head":"<!-- This site is optimized with the Yoast SEO plugin v26.8 - https:\/\/yoast.com\/product\/yoast-seo-wordpress\/ -->\n<title>Riscos Famara Fruit\u00e9 &#8226; Vega de Yuco<\/title>\n<meta name=\"description\" content=\"Un vin de Lanzarote \u00e9labor\u00e9 \u00e0 partir des c\u00e9pages minoritaires de l&#039;\u00eele. Un bon \u00e9quilibre entre douceur et fra\u00eecheur.\" \/>\n<meta name=\"robots\" content=\"index, follow, max-snippet:-1, max-image-preview:large, max-video-preview:-1\" \/>\n<link rel=\"canonical\" href=\"https:\/\/www.vegadeyuco.com\/fr\/producto\/riscos-famara-fruite\/\" \/>\n<meta property=\"og:locale\" content=\"fr_FR\" \/>\n<meta property=\"og:type\" content=\"article\" \/>\n<meta property=\"og:title\" content=\"Riscos Famara Fruit\u00e9 &#8226; Vega de Yuco\" \/>\n<meta property=\"og:description\" content=\"Un vin de Lanzarote \u00e9labor\u00e9 \u00e0 partir des c\u00e9pages minoritaires de l&#039;\u00eele. Un bon \u00e9quilibre entre douceur et fra\u00eecheur.\" \/>\n<meta property=\"og:url\" content=\"https:\/\/www.vegadeyuco.com\/fr\/producto\/riscos-famara-fruite\/\" \/>\n<meta property=\"og:site_name\" content=\"Vega de Yuco\" \/>\n<meta property=\"article:publisher\" content=\"https:\/\/www.facebook.com\/vegadeyuco\" \/>\n<meta property=\"og:image\" content=\"https:\/\/www.vegadeyuco.com\/wp-content\/uploads\/2025\/05\/Famara-4-min.png\" \/>\n\t<meta property=\"og:image:width\" content=\"1001\" \/>\n\t<meta property=\"og:image:height\" content=\"1022\" \/>\n\t<meta property=\"og:image:type\" content=\"image\/png\" \/>\n<meta name=\"twitter:card\" content=\"summary_large_image\" \/>\n<meta name=\"twitter:label1\" content=\"Dur\u00e9e de lecture estim\u00e9e\" \/>\n\t<meta name=\"twitter:data1\" content=\"1 minute\" \/>\n<script type=\"application\/ld+json\" class=\"yoast-schema-graph\">{\"@context\":\"https:\/\/schema.org\",\"@graph\":[{\"@type\":\"WebPage\",\"@id\":\"https:\/\/www.vegadeyuco.com\/fr\/producto\/riscos-famara-fruite\/\",\"url\":\"https:\/\/www.vegadeyuco.com\/fr\/producto\/riscos-famara-fruite\/\",\"name\":\"Riscos Famara Fruit\u00e9 &#8226; Vega de Yuco\",\"isPartOf\":{\"@id\":\"https:\/\/www.vegadeyuco.com\/fr\/#website\"},\"primaryImageOfPage\":{\"@id\":\"https:\/\/www.vegadeyuco.com\/fr\/producto\/riscos-famara-fruite\/#primaryimage\"},\"image\":{\"@id\":\"https:\/\/www.vegadeyuco.com\/fr\/producto\/riscos-famara-fruite\/#primaryimage\"},\"thumbnailUrl\":\"https:\/\/www.vegadeyuco.com\/wp-content\/uploads\/2025\/05\/Famara-4-min.png\",\"datePublished\":\"2025-05-18T08:11:53+00:00\",\"description\":\"Un vin de Lanzarote \u00e9labor\u00e9 \u00e0 partir des c\u00e9pages minoritaires de l'\u00eele. Un bon \u00e9quilibre entre douceur et fra\u00eecheur.\",\"breadcrumb\":{\"@id\":\"https:\/\/www.vegadeyuco.com\/fr\/producto\/riscos-famara-fruite\/#breadcrumb\"},\"inLanguage\":\"fr-FR\",\"potentialAction\":[{\"@type\":\"ReadAction\",\"target\":[\"https:\/\/www.vegadeyuco.com\/fr\/producto\/riscos-famara-fruite\/\"]}]},{\"@type\":\"ImageObject\",\"inLanguage\":\"fr-FR\",\"@id\":\"https:\/\/www.vegadeyuco.com\/fr\/producto\/riscos-famara-fruite\/#primaryimage\",\"url\":\"https:\/\/www.vegadeyuco.com\/wp-content\/uploads\/2025\/05\/Famara-4-min.png\",\"contentUrl\":\"https:\/\/www.vegadeyuco.com\/wp-content\/uploads\/2025\/05\/Famara-4-min.png\",\"width\":1001,\"height\":1022},{\"@type\":\"BreadcrumbList\",\"@id\":\"https:\/\/www.vegadeyuco.com\/fr\/producto\/riscos-famara-fruite\/#breadcrumb\",\"itemListElement\":[{\"@type\":\"ListItem\",\"position\":1,\"name\":\"Portada\",\"item\":\"https:\/\/www.vegadeyuco.com\/fr\/vega-de-yuco-cave-a-vin-a-lanzarote\/\"},{\"@type\":\"ListItem\",\"position\":2,\"name\":\"Boutique\",\"item\":\"https:\/\/www.vegadeyuco.com\/fr\/boutique\/\"},{\"@type\":\"ListItem\",\"position\":3,\"name\":\"Riscos Famara Fruit\u00e9\"}]},{\"@type\":\"WebSite\",\"@id\":\"https:\/\/www.vegadeyuco.com\/fr\/#website\",\"url\":\"https:\/\/www.vegadeyuco.com\/fr\/\",\"name\":\"Vega de Yuco\",\"description\":\"Bodegas y Vi\u00f1edos Vega de Yuco en Lanzarote, una bodega tradicional Canaria que destila autenticidad e innovaci\u00f3n. \",\"publisher\":{\"@id\":\"https:\/\/www.vegadeyuco.com\/fr\/#organization\"},\"potentialAction\":[{\"@type\":\"SearchAction\",\"target\":{\"@type\":\"EntryPoint\",\"urlTemplate\":\"https:\/\/www.vegadeyuco.com\/fr\/?s={search_term_string}\"},\"query-input\":{\"@type\":\"PropertyValueSpecification\",\"valueRequired\":true,\"valueName\":\"search_term_string\"}}],\"inLanguage\":\"fr-FR\"},{\"@type\":\"Organization\",\"@id\":\"https:\/\/www.vegadeyuco.com\/fr\/#organization\",\"name\":\"Bodegas Vega de Yuco\",\"url\":\"https:\/\/www.vegadeyuco.com\/fr\/\",\"logo\":{\"@type\":\"ImageObject\",\"inLanguage\":\"fr-FR\",\"@id\":\"https:\/\/www.vegadeyuco.com\/fr\/#\/schema\/logo\/image\/\",\"url\":\"https:\/\/www.vegadeyuco.com\/wp-content\/uploads\/2020\/01\/LOGO_VEGADEYUCO_cabecera_pedidos.png\",\"contentUrl\":\"https:\/\/www.vegadeyuco.com\/wp-content\/uploads\/2020\/01\/LOGO_VEGADEYUCO_cabecera_pedidos.png\",\"width\":250,\"height\":150,\"caption\":\"Bodegas Vega de Yuco\"},\"image\":{\"@id\":\"https:\/\/www.vegadeyuco.com\/fr\/#\/schema\/logo\/image\/\"},\"sameAs\":[\"https:\/\/www.facebook.com\/vegadeyuco\",\"https:\/\/www.instagram.com\/vegadeyuco\/\",\"https:\/\/www.youtube.com\/channel\/UCmDMkmxMCvbSXTLTAs3DM7A\"]}]}<\/script>\n<!-- \/ Yoast SEO plugin. -->","yoast_head_json":{"title":"Riscos Famara Fruit\u00e9 &#8226; Vega de Yuco","description":"Un vin de Lanzarote \u00e9labor\u00e9 \u00e0 partir des c\u00e9pages minoritaires de l'\u00eele. Un bon \u00e9quilibre entre douceur et fra\u00eecheur.","robots":{"index":"index","follow":"follow","max-snippet":"max-snippet:-1","max-image-preview":"max-image-preview:large","max-video-preview":"max-video-preview:-1"},"canonical":"https:\/\/www.vegadeyuco.com\/fr\/producto\/riscos-famara-fruite\/","og_locale":"fr_FR","og_type":"article","og_title":"Riscos Famara Fruit\u00e9 &#8226; Vega de Yuco","og_description":"Un vin de Lanzarote \u00e9labor\u00e9 \u00e0 partir des c\u00e9pages minoritaires de l'\u00eele. Un bon \u00e9quilibre entre douceur et fra\u00eecheur.","og_url":"https:\/\/www.vegadeyuco.com\/fr\/producto\/riscos-famara-fruite\/","og_site_name":"Vega de Yuco","article_publisher":"https:\/\/www.facebook.com\/vegadeyuco","og_image":[{"width":1001,"height":1022,"url":"https:\/\/www.vegadeyuco.com\/wp-content\/uploads\/2025\/05\/Famara-4-min.png","type":"image\/png"}],"twitter_card":"summary_large_image","twitter_misc":{"Dur\u00e9e de lecture estim\u00e9e":"1 minute"},"schema":{"@context":"https:\/\/schema.org","@graph":[{"@type":"WebPage","@id":"https:\/\/www.vegadeyuco.com\/fr\/producto\/riscos-famara-fruite\/","url":"https:\/\/www.vegadeyuco.com\/fr\/producto\/riscos-famara-fruite\/","name":"Riscos Famara Fruit\u00e9 &#8226; Vega de Yuco","isPartOf":{"@id":"https:\/\/www.vegadeyuco.com\/fr\/#website"},"primaryImageOfPage":{"@id":"https:\/\/www.vegadeyuco.com\/fr\/producto\/riscos-famara-fruite\/#primaryimage"},"image":{"@id":"https:\/\/www.vegadeyuco.com\/fr\/producto\/riscos-famara-fruite\/#primaryimage"},"thumbnailUrl":"https:\/\/www.vegadeyuco.com\/wp-content\/uploads\/2025\/05\/Famara-4-min.png","datePublished":"2025-05-18T08:11:53+00:00","description":"Un vin de Lanzarote \u00e9labor\u00e9 \u00e0 partir des c\u00e9pages minoritaires de l'\u00eele. Un bon \u00e9quilibre entre douceur et fra\u00eecheur.","breadcrumb":{"@id":"https:\/\/www.vegadeyuco.com\/fr\/producto\/riscos-famara-fruite\/#breadcrumb"},"inLanguage":"fr-FR","potentialAction":[{"@type":"ReadAction","target":["https:\/\/www.vegadeyuco.com\/fr\/producto\/riscos-famara-fruite\/"]}]},{"@type":"ImageObject","inLanguage":"fr-FR","@id":"https:\/\/www.vegadeyuco.com\/fr\/producto\/riscos-famara-fruite\/#primaryimage","url":"https:\/\/www.vegadeyuco.com\/wp-content\/uploads\/2025\/05\/Famara-4-min.png","contentUrl":"https:\/\/www.vegadeyuco.com\/wp-content\/uploads\/2025\/05\/Famara-4-min.png","width":1001,"height":1022},{"@type":"BreadcrumbList","@id":"https:\/\/www.vegadeyuco.com\/fr\/producto\/riscos-famara-fruite\/#breadcrumb","itemListElement":[{"@type":"ListItem","position":1,"name":"Portada","item":"https:\/\/www.vegadeyuco.com\/fr\/vega-de-yuco-cave-a-vin-a-lanzarote\/"},{"@type":"ListItem","position":2,"name":"Boutique","item":"https:\/\/www.vegadeyuco.com\/fr\/boutique\/"},{"@type":"ListItem","position":3,"name":"Riscos Famara Fruit\u00e9"}]},{"@type":"WebSite","@id":"https:\/\/www.vegadeyuco.com\/fr\/#website","url":"https:\/\/www.vegadeyuco.com\/fr\/","name":"Vega de Yuco","description":"Bodegas y Vi\u00f1edos Vega de Yuco en Lanzarote, una bodega tradicional Canaria que destila autenticidad e innovaci\u00f3n. ","publisher":{"@id":"https:\/\/www.vegadeyuco.com\/fr\/#organization"},"potentialAction":[{"@type":"SearchAction","target":{"@type":"EntryPoint","urlTemplate":"https:\/\/www.vegadeyuco.com\/fr\/?s={search_term_string}"},"query-input":{"@type":"PropertyValueSpecification","valueRequired":true,"valueName":"search_term_string"}}],"inLanguage":"fr-FR"},{"@type":"Organization","@id":"https:\/\/www.vegadeyuco.com\/fr\/#organization","name":"Bodegas Vega de Yuco","url":"https:\/\/www.vegadeyuco.com\/fr\/","logo":{"@type":"ImageObject","inLanguage":"fr-FR","@id":"https:\/\/www.vegadeyuco.com\/fr\/#\/schema\/logo\/image\/","url":"https:\/\/www.vegadeyuco.com\/wp-content\/uploads\/2020\/01\/LOGO_VEGADEYUCO_cabecera_pedidos.png","contentUrl":"https:\/\/www.vegadeyuco.com\/wp-content\/uploads\/2020\/01\/LOGO_VEGADEYUCO_cabecera_pedidos.png","width":250,"height":150,"caption":"Bodegas Vega de Yuco"},"image":{"@id":"https:\/\/www.vegadeyuco.com\/fr\/#\/schema\/logo\/image\/"},"sameAs":["https:\/\/www.facebook.com\/vegadeyuco","https:\/\/www.instagram.com\/vegadeyuco\/","https:\/\/www.youtube.com\/channel\/UCmDMkmxMCvbSXTLTAs3DM7A"]}]}},"post_mailing_queue_ids":[],"_links":{"self":[{"href":"https:\/\/www.vegadeyuco.com\/fr\/wp-json\/wp\/v2\/product\/27517","targetHints":{"allow":["GET"]}}],"collection":[{"href":"https:\/\/www.vegadeyuco.com\/fr\/wp-json\/wp\/v2\/product"}],"about":[{"href":"https:\/\/www.vegadeyuco.com\/fr\/wp-json\/wp\/v2\/types\/product"}],"version-history":[{"count":0,"href":"https:\/\/www.vegadeyuco.com\/fr\/wp-json\/wp\/v2\/product\/27517\/revisions"}],"wp:featuredmedia":[{"embeddable":true,"href":"https:\/\/www.vegadeyuco.com\/fr\/wp-json\/wp\/v2\/media\/22910"}],"wp:attachment":[{"href":"https:\/\/www.vegadeyuco.com\/fr\/wp-json\/wp\/v2\/media?parent=27517"}],"wp:term":[{"taxonomy":"product_brand","embeddable":true,"href":"https:\/\/www.vegadeyuco.com\/fr\/wp-json\/wp\/v2\/product_brand?post=27517"},{"taxonomy":"product_cat","embeddable":true,"href":"https:\/\/www.vegadeyuco.com\/fr\/wp-json\/wp\/v2\/product_cat?post=27517"},{"taxonomy":"product_tag","embeddable":true,"href":"https:\/\/www.vegadeyuco.com\/fr\/wp-json\/wp\/v2\/product_tag?post=27517"}],"curies":[{"name":"wp","href":"https:\/\/api.w.org\/{rel}","templated":true}]}}